{"id":15451,"date":"2025-02-27T20:48:29","date_gmt":"2025-02-27T20:48:29","guid":{"rendered":"https:\/\/www.sinpeks.com\/rs\/p\/industrijski-usisivac-husqvarna-s26\/"},"modified":"2025-11-03T14:36:33","modified_gmt":"2025-11-03T14:36:33","slug":"industrijski-usisivac-husqvarna-s26","status":"publish","type":"product","link":"https:\/\/www.sinpeks.com\/rs\/p\/industrijski-usisivac-husqvarna-s26\/","title":{"rendered":"Industrijski usisiva\u010d Husqvarna S26"},"content":{"rendered":"<p>S26 je moc\u0301an jednofazni usisiva\u010d koji odgovara rendicama Husqvarna PG 280, PG 450 i reza\u010du Soff-Cut 150. Ovaj industrijski usisiva\u010d je pogodan za izvo\u0111enje gra\u0111evinskih radova, bru\u0161enja, malterisanja i \u010di\u0161c\u0301enja betonske pra\u0161ine. Opremljen je sa dva testirana i sertifikovana HEPA H13 filtera. Komplet uklju\u010duje \u010dista\u010d Jet Pulse, mera\u010d sati i mera\u010d vakuuma za kontrolu filtera. To\u010dkovi ne ostavljaju tragove i blokiraju se napred. Longopac\u00ae sistem obezbe\u0111uje jednostavnu zamenu vrec\u0301a bez pra\u0161ine.<\/p>\n","protected":false},"excerpt":{"rendered":"<p>S26 je moc\u0301an jednofazni usisiva\u010d koji odgovara rendicama Husqvarna PG 280, PG 450 i reza\u010du Soff-Cut 150. Ovaj industrijski usisiva\u010d je pogodan za izvo\u0111enje gra\u0111evinskih radova, bru\u0161enja, malterisanja i \u010di\u0161c\u0301enja betonske pra\u0161ine. Opremljen je sa dva testirana i sertifikovana HEPA H13 filtera. Komplet uklju\u010duje \u010dista\u010d Jet Pulse, mera\u010d sati i mera\u010d vakuuma za kontrolu filtera. [&hellip;]<\/p>\n","protected":false},"featured_media":15731,"comment_status":"open","ping_status":"closed","template":"","meta":{"_acf_changed":false},"product_cat":[225],"product_tag":[],"class_list":{"0":"post-15451","1":"product","2":"type-product","3":"status-publish","4":"has-post-thumbnail","6":"product_cat-industrijski-usisivaci","7":"product_shipping_class-817","8":"pa_b-husqvarna","9":"pa_broj-motora-sa-dva-motora","10":"pa_market-mk","11":"pa_snaga-motora-2400-w","13":"first","14":"outofstock","15":"taxable","16":"shipping-taxable","17":"purchasable","18":"product-type-simple"},"acf":[],"seolaxy_ctr_woo_product_custom_meta_description_content":"","_links":{"self":[{"href":"https:\/\/www.sinpeks.com\/rs\/wp-json\/wp\/v2\/product\/15451","targetHints":{"allow":["GET"]}}],"collection":[{"href":"https:\/\/www.sinpeks.com\/rs\/wp-json\/wp\/v2\/product"}],"about":[{"href":"https:\/\/www.sinpeks.com\/rs\/wp-json\/wp\/v2\/types\/product"}],"replies":[{"embeddable":true,"href":"https:\/\/www.sinpeks.com\/rs\/wp-json\/wp\/v2\/comments?post=15451"}],"wp:featuredmedia":[{"embeddable":true,"href":"https:\/\/www.sinpeks.com\/rs\/wp-json\/wp\/v2\/media\/15731"}],"wp:attachment":[{"href":"https:\/\/www.sinpeks.com\/rs\/wp-json\/wp\/v2\/media?parent=15451"}],"wp:term":[{"taxonomy":"product_cat","embeddable":true,"href":"https:\/\/www.sinpeks.com\/rs\/wp-json\/wp\/v2\/product_cat?post=15451"},{"taxonomy":"product_tag","embeddable":true,"href":"https:\/\/www.sinpeks.com\/rs\/wp-json\/wp\/v2\/product_tag?post=15451"}],"curies":[{"name":"wp","href":"https:\/\/api.w.org\/{rel}","templated":true}]}}