{"id":15450,"date":"2025-02-27T20:48:29","date_gmt":"2025-02-27T20:48:29","guid":{"rendered":"https:\/\/www.sinpeks.com\/rs\/p\/usisivac-wt-50-xe-suho-mokro\/"},"modified":"2026-02-03T08:04:23","modified_gmt":"2026-02-03T08:04:23","slug":"usisivac-wt-50-xe-suho-mokro","status":"publish","type":"product","link":"https:\/\/www.sinpeks.com\/rs\/p\/usisivac-wt-50-xe-suho-mokro\/","title":{"rendered":"Usisiva\u010d WT 50 XE suvo\/mokro"},"content":{"rendered":"<p>Usisiva\u010d za mokro i suvo \u010di\u0161c\u0301enje za kuc\u0301nu i profesionalnu upotrebu sa tihim motorom, posuda od ner\u0111ajuc\u0301eg \u010delika. Opremljen je utika\u010dem na koji se mogu priklju\u010diti alati do 2200W, kablom za napajanje od 5 metara i 4 to\u010dka koji olak\u0161avaju kretanje.<\/p>\n","protected":false},"excerpt":{"rendered":"<p>Usisiva\u010d za mokro i suvo \u010di\u0161c\u0301enje za kuc\u0301nu i profesionalnu upotrebu sa tihim motorom, posuda od ner\u0111ajuc\u0301eg \u010delika. Opremljen je utika\u010dem na koji se mogu priklju\u010diti alati do 2200W, kablom za napajanje od 5 metara i 4 to\u010dka koji olak\u0161avaju kretanje.<\/p>\n","protected":false},"featured_media":15725,"comment_status":"open","ping_status":"closed","template":"","meta":{"_acf_changed":false},"product_cat":[225],"product_tag":[],"class_list":{"0":"post-15450","1":"product","2":"type-product","3":"status-publish","4":"has-post-thumbnail","6":"product_cat-industrijski-usisivaci","7":"product_shipping_class-alati-masine-srbija","8":"pa_b-lavor","9":"pa_broj-motora-sa-jednim-motorom","10":"pa_market-ba","11":"pa_market-mk","12":"pa_market-rs","13":"pa_rezervoar-50-l","14":"pa_snaga-motora-1400-w","16":"first","17":"instock","18":"sale","19":"taxable","20":"shipping-taxable","21":"purchasable","22":"product-type-simple"},"acf":[],"seolaxy_ctr_woo_product_custom_meta_description_content":"","_links":{"self":[{"href":"https:\/\/www.sinpeks.com\/rs\/wp-json\/wp\/v2\/product\/15450","targetHints":{"allow":["GET"]}}],"collection":[{"href":"https:\/\/www.sinpeks.com\/rs\/wp-json\/wp\/v2\/product"}],"about":[{"href":"https:\/\/www.sinpeks.com\/rs\/wp-json\/wp\/v2\/types\/product"}],"replies":[{"embeddable":true,"href":"https:\/\/www.sinpeks.com\/rs\/wp-json\/wp\/v2\/comments?post=15450"}],"wp:featuredmedia":[{"embeddable":true,"href":"https:\/\/www.sinpeks.com\/rs\/wp-json\/wp\/v2\/media\/15725"}],"wp:attachment":[{"href":"https:\/\/www.sinpeks.com\/rs\/wp-json\/wp\/v2\/media?parent=15450"}],"wp:term":[{"taxonomy":"product_cat","embeddable":true,"href":"https:\/\/www.sinpeks.com\/rs\/wp-json\/wp\/v2\/product_cat?post=15450"},{"taxonomy":"product_tag","embeddable":true,"href":"https:\/\/www.sinpeks.com\/rs\/wp-json\/wp\/v2\/product_tag?post=15450"}],"curies":[{"name":"wp","href":"https:\/\/api.w.org\/{rel}","templated":true}]}}