{"id":15449,"date":"2025-02-27T20:48:28","date_gmt":"2025-02-27T20:48:28","guid":{"rendered":"https:\/\/www.sinpeks.com\/rs\/p\/usisivac-lavor-windy-365-ir\/"},"modified":"2026-04-14T13:02:45","modified_gmt":"2026-04-14T13:02:45","slug":"usisivac-lavor-windy-365-ir","status":"publish","type":"product","link":"https:\/\/www.sinpeks.com\/rs\/p\/usisivac-lavor-windy-365-ir\/","title":{"rendered":"Usisiva\u010d LAVOR WINDY 365 IR"},"content":{"rendered":"<p>Usisiva\u010d za komercijalnu (profesionalnu) upotrebu pogodan za mokro i suvo usisavanje. Ima tri sna\u017ena motora, rezervoar od ner\u0111aju\u0107eg \u010delika, platformu otpornu na udarce. Idealno za firme za \u010di\u0161\u0107enje, gara\u017ee, radionice i druge objekte gdje postoji potreba za jednostavnim industrijskim \u010di\u0161\u0107enjem<\/p>\n","protected":false},"excerpt":{"rendered":"<p>Usisiva\u010d za komercijalnu (profesionalnu) upotrebu pogodan za mokro i suvo usisavanje. Ima tri sna\u017ena motora, rezervoar od ner\u0111aju\u0107eg \u010delika, platformu otpornu na udarce. Idealno za firme za \u010di\u0161\u0107enje, gara\u017ee, radionice i druge objekte gdje postoji potreba za jednostavnim industrijskim \u010di\u0161\u0107enjem<\/p>\n","protected":false},"featured_media":15716,"comment_status":"open","ping_status":"closed","template":"","meta":{"_acf_changed":false},"product_cat":[225],"product_tag":[],"class_list":{"0":"post-15449","1":"product","2":"type-product","3":"status-publish","4":"has-post-thumbnail","6":"product_cat-industrijski-usisivaci","7":"product_shipping_class-alati-masine-makedonija","8":"pa_b-lavor","9":"pa_broj-motora-sa-tri-motora","10":"pa_market-ba","11":"pa_market-mk","12":"pa_market-rs","13":"pa_rezervoar-65-l-30-40-l","14":"pa_snaga-motora-3600-w","16":"first","17":"instock","18":"sale","19":"taxable","20":"shipping-taxable","21":"purchasable","22":"product-type-simple"},"acf":[],"seolaxy_ctr_woo_product_custom_meta_description_content":"","_links":{"self":[{"href":"https:\/\/www.sinpeks.com\/rs\/wp-json\/wp\/v2\/product\/15449","targetHints":{"allow":["GET"]}}],"collection":[{"href":"https:\/\/www.sinpeks.com\/rs\/wp-json\/wp\/v2\/product"}],"about":[{"href":"https:\/\/www.sinpeks.com\/rs\/wp-json\/wp\/v2\/types\/product"}],"replies":[{"embeddable":true,"href":"https:\/\/www.sinpeks.com\/rs\/wp-json\/wp\/v2\/comments?post=15449"}],"wp:featuredmedia":[{"embeddable":true,"href":"https:\/\/www.sinpeks.com\/rs\/wp-json\/wp\/v2\/media\/15716"}],"wp:attachment":[{"href":"https:\/\/www.sinpeks.com\/rs\/wp-json\/wp\/v2\/media?parent=15449"}],"wp:term":[{"taxonomy":"product_cat","embeddable":true,"href":"https:\/\/www.sinpeks.com\/rs\/wp-json\/wp\/v2\/product_cat?post=15449"},{"taxonomy":"product_tag","embeddable":true,"href":"https:\/\/www.sinpeks.com\/rs\/wp-json\/wp\/v2\/product_tag?post=15449"}],"curies":[{"name":"wp","href":"https:\/\/api.w.org\/{rel}","templated":true}]}}