{"id":15448,"date":"2025-02-27T20:48:27","date_gmt":"2025-02-27T20:48:27","guid":{"rendered":"https:\/\/www.sinpeks.com\/rs\/p\/perilica-hyper-nr-2017lp-ts\/"},"modified":"2026-05-08T08:54:06","modified_gmt":"2026-05-08T08:54:06","slug":"perilica-hyper-nr-2017lp-ts","status":"publish","type":"product","link":"https:\/\/www.sinpeks.com\/rs\/p\/perilica-hyper-nr-2017lp-ts\/","title":{"rendered":"Pera\u010d pod pritiskom HYPER NR 2017LP TS"},"content":{"rendered":"<p>Ma\u0161ina za pranje pod visokim pritiskom za profesionalnu upotrebu. Omoguc\u0301ava brzo i lako uklanjanje \u010dak i najtvrdokornije prljav\u0161tine sa raznih predmeta. Ima \u010detvoropolni elektromotor, mesinganu pumpu sa klipovima za\u0161tic\u0301enim keramikom, sistem za\u0161tite od pregrevanja (vodeno hla\u0111enje) i ugra\u0111en rezervoar za deterd\u017eent.<\/p>\n","protected":false},"excerpt":{"rendered":"<p>Ma\u0161ina za pranje pod visokim pritiskom za profesionalnu upotrebu. Omoguc\u0301ava brzo i lako uklanjanje \u010dak i najtvrdokornije prljav\u0161tine sa raznih predmeta. Ima \u010detvoropolni elektromotor, mesinganu pumpu sa klipovima za\u0161tic\u0301enim keramikom, sistem za\u0161tite od pregrevanja (vodeno hla\u0111enje) i ugra\u0111en rezervoar za deterd\u017eent.<\/p>\n","protected":false},"featured_media":15701,"comment_status":"open","ping_status":"closed","template":"","meta":{"_acf_changed":false},"product_cat":[223],"product_tag":[],"class_list":{"0":"post-15448","1":"product","2":"type-product","3":"status-publish","4":"has-post-thumbnail","6":"product_cat-peraci-pod-pritiskom","7":"product_shipping_class-alati-masine-makedonija","8":"pa_b-lavor","9":"pa_market-ba","10":"pa_market-mk","11":"pa_market-rs","12":"pa_napon-400v-50hz","13":"pa_pritisak-200-bar","15":"first","16":"instock","17":"sale","18":"taxable","19":"shipping-taxable","20":"purchasable","21":"product-type-simple"},"acf":[],"seolaxy_ctr_woo_product_custom_meta_description_content":"","_links":{"self":[{"href":"https:\/\/www.sinpeks.com\/rs\/wp-json\/wp\/v2\/product\/15448","targetHints":{"allow":["GET"]}}],"collection":[{"href":"https:\/\/www.sinpeks.com\/rs\/wp-json\/wp\/v2\/product"}],"about":[{"href":"https:\/\/www.sinpeks.com\/rs\/wp-json\/wp\/v2\/types\/product"}],"replies":[{"embeddable":true,"href":"https:\/\/www.sinpeks.com\/rs\/wp-json\/wp\/v2\/comments?post=15448"}],"wp:featuredmedia":[{"embeddable":true,"href":"https:\/\/www.sinpeks.com\/rs\/wp-json\/wp\/v2\/media\/15701"}],"wp:attachment":[{"href":"https:\/\/www.sinpeks.com\/rs\/wp-json\/wp\/v2\/media?parent=15448"}],"wp:term":[{"taxonomy":"product_cat","embeddable":true,"href":"https:\/\/www.sinpeks.com\/rs\/wp-json\/wp\/v2\/product_cat?post=15448"},{"taxonomy":"product_tag","embeddable":true,"href":"https:\/\/www.sinpeks.com\/rs\/wp-json\/wp\/v2\/product_tag?post=15448"}],"curies":[{"name":"wp","href":"https:\/\/api.w.org\/{rel}","templated":true}]}}