{"id":15447,"date":"2025-02-27T20:48:27","date_gmt":"2025-02-27T20:48:27","guid":{"rendered":"https:\/\/www.sinpeks.com\/rs\/p\/uredjaj-lavor-lmx-1713-xp\/"},"modified":"2026-05-11T10:28:58","modified_gmt":"2026-05-11T10:28:58","slug":"uredjaj-lavor-lmx-1713-xp","status":"publish","type":"product","link":"https:\/\/www.sinpeks.com\/rs\/p\/uredjaj-lavor-lmx-1713-xp\/","title":{"rendered":"Pera\u010d pod pritiskom Lavor LMX 1713 XP"},"content":{"rendered":"<p>Poluprofesionalna ma\u0161ina za pranje pod visokim pritiskom sa hladnom vodom. Opremljen je aksijalnom pumpom od mesinga, ugra\u0111enim rezervoarom za deterd\u017eent, regulatorom pritiska koji se o\u010ditava na preciznom glicerinskom manometru i setom pribora koji se mo\u017ee odlo\u017eiti na prakti\u010dni dr\u017ea\u010d na samoj ma\u0161ini.<\/p>\n","protected":false},"excerpt":{"rendered":"<p>Poluprofesionalna ma\u0161ina za pranje pod visokim pritiskom sa hladnom vodom. Opremljen je aksijalnom pumpom od mesinga, ugra\u0111enim rezervoarom za deterd\u017eent, regulatorom pritiska koji se o\u010ditava na preciznom glicerinskom manometru i setom pribora koji se mo\u017ee odlo\u017eiti na prakti\u010dni dr\u017ea\u010d na samoj ma\u0161ini.<\/p>\n","protected":false},"featured_media":15695,"comment_status":"open","ping_status":"closed","template":"","meta":{"_acf_changed":false},"product_cat":[223],"product_tag":[],"class_list":{"0":"post-15447","1":"product","2":"type-product","3":"status-publish","4":"has-post-thumbnail","6":"product_cat-peraci-pod-pritiskom","7":"product_shipping_class-alati-masine-makedonija","8":"pa_b-lavor","9":"pa_market-ba","10":"pa_market-mk","11":"pa_market-rs","12":"pa_napon-400v-50hz","13":"pa_pritisak-170-bar","14":"pa_snaga-motora-4700-w","16":"first","17":"outofstock","18":"sale","19":"taxable","20":"shipping-taxable","21":"purchasable","22":"product-type-simple"},"acf":[],"seolaxy_ctr_woo_product_custom_meta_description_content":"","_links":{"self":[{"href":"https:\/\/www.sinpeks.com\/rs\/wp-json\/wp\/v2\/product\/15447","targetHints":{"allow":["GET"]}}],"collection":[{"href":"https:\/\/www.sinpeks.com\/rs\/wp-json\/wp\/v2\/product"}],"about":[{"href":"https:\/\/www.sinpeks.com\/rs\/wp-json\/wp\/v2\/types\/product"}],"replies":[{"embeddable":true,"href":"https:\/\/www.sinpeks.com\/rs\/wp-json\/wp\/v2\/comments?post=15447"}],"wp:featuredmedia":[{"embeddable":true,"href":"https:\/\/www.sinpeks.com\/rs\/wp-json\/wp\/v2\/media\/15695"}],"wp:attachment":[{"href":"https:\/\/www.sinpeks.com\/rs\/wp-json\/wp\/v2\/media?parent=15447"}],"wp:term":[{"taxonomy":"product_cat","embeddable":true,"href":"https:\/\/www.sinpeks.com\/rs\/wp-json\/wp\/v2\/product_cat?post=15447"},{"taxonomy":"product_tag","embeddable":true,"href":"https:\/\/www.sinpeks.com\/rs\/wp-json\/wp\/v2\/product_tag?post=15447"}],"curies":[{"name":"wp","href":"https:\/\/api.w.org\/{rel}","templated":true}]}}