{"id":14601,"date":"2025-01-24T12:52:43","date_gmt":"2025-01-24T12:52:43","guid":{"rendered":"https:\/\/www.sinpeks.com\/rs\/p\/jd-gator-sediste\/"},"modified":"2025-11-03T14:36:29","modified_gmt":"2025-11-03T14:36:29","slug":"jd-gator-sediste","status":"publish","type":"product","link":"https:\/\/www.sinpeks.com\/rs\/p\/jd-gator-sediste\/","title":{"rendered":"JD Gator Sedi\u0161te"},"content":{"rendered":"<p>John Deere kompletno sedi\u0161te sa visokim naslonom, izdr\u017eljivo, \u017euto, John Deere logo utisnuto na naslonu, 5cm pene visoke elasti\u010dnosti za udobnost. Lako se postavlja na \u010detiri ta\u010dke za vijke radi vec\u0301e krutosti.<\/p>\n","protected":false},"excerpt":{"rendered":"<p>John Deere kompletno sedi\u0161te sa visokim naslonom, izdr\u017eljivo, \u017euto, John Deere logo utisnuto na naslonu, 5cm pene visoke elasti\u010dnosti za udobnost. Lako se postavlja na \u010detiri ta\u010dke za vijke radi vec\u0301e krutosti.<\/p>\n","protected":false},"featured_media":17113,"comment_status":"closed","ping_status":"closed","template":"","meta":{"_acf_changed":false},"product_cat":[72],"product_tag":[],"class_list":{"0":"post-14601","1":"product","2":"type-product","3":"status-publish","4":"has-post-thumbnail","6":"product_cat-sedista","7":"product_shipping_class-243","8":"pa_b-john-deere","9":"pa_market-ba","10":"pa_market-mk","11":"pa_market-rs","12":"pa_odgovara-za-jd-gator","14":"first","15":"outofstock","16":"taxable","17":"shipping-taxable","18":"purchasable","19":"product-type-simple"},"acf":[],"seolaxy_ctr_woo_product_custom_meta_description_content":"","_links":{"self":[{"href":"https:\/\/www.sinpeks.com\/rs\/wp-json\/wp\/v2\/product\/14601","targetHints":{"allow":["GET"]}}],"collection":[{"href":"https:\/\/www.sinpeks.com\/rs\/wp-json\/wp\/v2\/product"}],"about":[{"href":"https:\/\/www.sinpeks.com\/rs\/wp-json\/wp\/v2\/types\/product"}],"replies":[{"embeddable":true,"href":"https:\/\/www.sinpeks.com\/rs\/wp-json\/wp\/v2\/comments?post=14601"}],"wp:featuredmedia":[{"embeddable":true,"href":"https:\/\/www.sinpeks.com\/rs\/wp-json\/wp\/v2\/media\/17113"}],"wp:attachment":[{"href":"https:\/\/www.sinpeks.com\/rs\/wp-json\/wp\/v2\/media?parent=14601"}],"wp:term":[{"taxonomy":"product_cat","embeddable":true,"href":"https:\/\/www.sinpeks.com\/rs\/wp-json\/wp\/v2\/product_cat?post=14601"},{"taxonomy":"product_tag","embeddable":true,"href":"https:\/\/www.sinpeks.com\/rs\/wp-json\/wp\/v2\/product_tag?post=14601"}],"curies":[{"name":"wp","href":"https:\/\/api.w.org\/{rel}","templated":true}]}}