{"id":14599,"date":"2025-01-24T12:52:43","date_gmt":"2025-01-24T12:52:43","guid":{"rendered":"https:\/\/www.sinpeks.com\/rs\/p\/sediste-za-john-deere-5303-5403\/"},"modified":"2025-11-03T14:36:29","modified_gmt":"2025-11-03T14:36:29","slug":"sediste-za-john-deere-5303-5403","status":"publish","type":"product","link":"https:\/\/www.sinpeks.com\/rs\/p\/sediste-za-john-deere-5303-5403\/","title":{"rendered":"Sedi\u0161te za John Deere 5303\/5403"},"content":{"rendered":"<p>Ovo John Deere sedi\u0161te je mogu\u0107e koristiti u vi\u0161e razli\u010ditih modela traktora serije 5.<\/p>\n","protected":false},"excerpt":{"rendered":"<p>Ovo John Deere sedi\u0161te je mogu\u0107e koristiti u vi\u0161e razli\u010ditih modela traktora serije 5.<\/p>\n","protected":false},"featured_media":17112,"comment_status":"closed","ping_status":"closed","template":"","meta":{"_acf_changed":false},"product_cat":[72],"product_tag":[],"class_list":{"0":"post-14599","1":"product","2":"type-product","3":"status-publish","4":"has-post-thumbnail","6":"product_cat-sedista","7":"product_shipping_class-243","8":"pa_b-john-deere","9":"pa_market-ba","10":"pa_market-mk","11":"pa_market-rs","12":"pa_odgovara-za-jd-5-series","14":"first","15":"outofstock","16":"taxable","17":"shipping-taxable","18":"purchasable","19":"product-type-simple"},"acf":[],"seolaxy_ctr_woo_product_custom_meta_description_content":"","_links":{"self":[{"href":"https:\/\/www.sinpeks.com\/rs\/wp-json\/wp\/v2\/product\/14599","targetHints":{"allow":["GET"]}}],"collection":[{"href":"https:\/\/www.sinpeks.com\/rs\/wp-json\/wp\/v2\/product"}],"about":[{"href":"https:\/\/www.sinpeks.com\/rs\/wp-json\/wp\/v2\/types\/product"}],"replies":[{"embeddable":true,"href":"https:\/\/www.sinpeks.com\/rs\/wp-json\/wp\/v2\/comments?post=14599"}],"wp:featuredmedia":[{"embeddable":true,"href":"https:\/\/www.sinpeks.com\/rs\/wp-json\/wp\/v2\/media\/17112"}],"wp:attachment":[{"href":"https:\/\/www.sinpeks.com\/rs\/wp-json\/wp\/v2\/media?parent=14599"}],"wp:term":[{"taxonomy":"product_cat","embeddable":true,"href":"https:\/\/www.sinpeks.com\/rs\/wp-json\/wp\/v2\/product_cat?post=14599"},{"taxonomy":"product_tag","embeddable":true,"href":"https:\/\/www.sinpeks.com\/rs\/wp-json\/wp\/v2\/product_tag?post=14599"}],"curies":[{"name":"wp","href":"https:\/\/api.w.org\/{rel}","templated":true}]}}