{"id":14596,"date":"2025-01-24T12:52:42","date_gmt":"2025-01-24T12:52:42","guid":{"rendered":"https:\/\/www.sinpeks.com\/rs\/p\/sediste-kompletno-za-imt-mf-tafe\/"},"modified":"2026-01-13T10:53:12","modified_gmt":"2026-01-13T10:53:12","slug":"sediste-kompletno-za-imt-mf-tafe","status":"publish","type":"product","link":"https:\/\/www.sinpeks.com\/rs\/p\/sediste-kompletno-za-imt-mf-tafe\/","title":{"rendered":"Sedi\u0161te kompletno za IMT\/MF\/Tafe"},"content":{"rendered":"<p>Sedi\u0161te turskog proizvo\u0111a\u010da Careta koje je kompatibilno za traktore brendova IMT\/MF\/TAFE.<\/p>\n","protected":false},"excerpt":{"rendered":"<p>Sedi\u0161te turskog proizvo\u0111a\u010da Careta koje je kompatibilno za traktore brendova IMT\/MF\/TAFE.<\/p>\n","protected":false},"featured_media":17121,"comment_status":"closed","ping_status":"closed","template":"","meta":{"_acf_changed":false},"product_cat":[72],"product_tag":[],"class_list":{"0":"post-14596","1":"product","2":"type-product","3":"status-publish","4":"has-post-thumbnail","6":"product_cat-sedista","7":"pa_b-careta","8":"pa_market-ba","9":"pa_market-mk","10":"pa_market-rs","12":"first","13":"outofstock","14":"sale","15":"taxable","16":"shipping-taxable","17":"purchasable","18":"product-type-simple"},"acf":[],"seolaxy_ctr_woo_product_custom_meta_description_content":"","_links":{"self":[{"href":"https:\/\/www.sinpeks.com\/rs\/wp-json\/wp\/v2\/product\/14596","targetHints":{"allow":["GET"]}}],"collection":[{"href":"https:\/\/www.sinpeks.com\/rs\/wp-json\/wp\/v2\/product"}],"about":[{"href":"https:\/\/www.sinpeks.com\/rs\/wp-json\/wp\/v2\/types\/product"}],"replies":[{"embeddable":true,"href":"https:\/\/www.sinpeks.com\/rs\/wp-json\/wp\/v2\/comments?post=14596"}],"wp:featuredmedia":[{"embeddable":true,"href":"https:\/\/www.sinpeks.com\/rs\/wp-json\/wp\/v2\/media\/17121"}],"wp:attachment":[{"href":"https:\/\/www.sinpeks.com\/rs\/wp-json\/wp\/v2\/media?parent=14596"}],"wp:term":[{"taxonomy":"product_cat","embeddable":true,"href":"https:\/\/www.sinpeks.com\/rs\/wp-json\/wp\/v2\/product_cat?post=14596"},{"taxonomy":"product_tag","embeddable":true,"href":"https:\/\/www.sinpeks.com\/rs\/wp-json\/wp\/v2\/product_tag?post=14596"}],"curies":[{"name":"wp","href":"https:\/\/api.w.org\/{rel}","templated":true}]}}