{"id":14578,"date":"2025-01-24T12:52:37","date_gmt":"2025-01-24T12:52:37","guid":{"rendered":"https:\/\/www.sinpeks.com\/rs\/p\/tegovi-za-tockove-ha7\/"},"modified":"2025-11-03T14:36:02","modified_gmt":"2025-11-03T14:36:02","slug":"tegovi-za-tockove-ha7","status":"publish","type":"product","link":"https:\/\/www.sinpeks.com\/rs\/p\/tegovi-za-tockove-ha7\/","title":{"rendered":"Tegovi za to\u010dkove, HA7"},"content":{"rendered":"<p>Tegovi to\u010dkova obezbe\u0111uju dodatnu vu\u010du i stabilnost dodavanjem balasta na zadnje to\u010dkove<\/p>\n","protected":false},"excerpt":{"rendered":"<p>Tegovi to\u010dkova obezbe\u0111uju dodatnu vu\u010du i stabilnost dodavanjem balasta na zadnje to\u010dkove<\/p>\n","protected":false},"featured_media":17103,"comment_status":"closed","ping_status":"closed","template":"","meta":{"_acf_changed":false},"product_cat":[67],"product_tag":[],"class_list":{"0":"post-14578","1":"product","2":"type-product","3":"status-publish","4":"has-post-thumbnail","6":"product_cat-tegovi","7":"product_shipping_class-243","8":"pa_b-john-deere","9":"pa_market-ba","10":"pa_market-mk","11":"pa_market-rs","12":"pa_odgovara-za-za-sve-jd-traktore","13":"pa_vrsta-tega-zadnji","15":"first","16":"outofstock","17":"taxable","18":"shipping-taxable","19":"purchasable","20":"product-type-simple"},"acf":[],"seolaxy_ctr_woo_product_custom_meta_description_content":"","_links":{"self":[{"href":"https:\/\/www.sinpeks.com\/rs\/wp-json\/wp\/v2\/product\/14578","targetHints":{"allow":["GET"]}}],"collection":[{"href":"https:\/\/www.sinpeks.com\/rs\/wp-json\/wp\/v2\/product"}],"about":[{"href":"https:\/\/www.sinpeks.com\/rs\/wp-json\/wp\/v2\/types\/product"}],"replies":[{"embeddable":true,"href":"https:\/\/www.sinpeks.com\/rs\/wp-json\/wp\/v2\/comments?post=14578"}],"wp:featuredmedia":[{"embeddable":true,"href":"https:\/\/www.sinpeks.com\/rs\/wp-json\/wp\/v2\/media\/17103"}],"wp:attachment":[{"href":"https:\/\/www.sinpeks.com\/rs\/wp-json\/wp\/v2\/media?parent=14578"}],"wp:term":[{"taxonomy":"product_cat","embeddable":true,"href":"https:\/\/www.sinpeks.com\/rs\/wp-json\/wp\/v2\/product_cat?post=14578"},{"taxonomy":"product_tag","embeddable":true,"href":"https:\/\/www.sinpeks.com\/rs\/wp-json\/wp\/v2\/product_tag?post=14578"}],"curies":[{"name":"wp","href":"https:\/\/api.w.org\/{rel}","templated":true}]}}