{"id":14577,"date":"2025-01-24T12:52:37","date_gmt":"2025-01-24T12:52:37","guid":{"rendered":"https:\/\/www.sinpeks.com\/rs\/p\/caura-za-jd-6m-dvostrana-oast\/"},"modified":"2025-11-03T14:36:02","modified_gmt":"2025-11-03T14:36:02","slug":"caura-za-jd-6m-dvostrana-oast","status":"publish","type":"product","link":"https:\/\/www.sinpeks.com\/rs\/p\/caura-za-jd-6m-dvostrana-oast\/","title":{"rendered":"\u010caura za JD 6M dvostrana oast"},"content":{"rendered":"<p>Jednostavan dizajn John Deere \u010daure olak\u0161ava instalaciju i zahteva malo odr\u017eavanja, kompaktna i lagana struktura efikasno podnosi radijalna opterec\u0301enja, obezbe\u0111ujuc\u0301i nisko trenje i glatku rotaciju.<\/p>\n","protected":false},"excerpt":{"rendered":"<p>Jednostavan dizajn John Deere \u010daure olak\u0161ava instalaciju i zahteva malo odr\u017eavanja, kompaktna i lagana struktura efikasno podnosi radijalna opterec\u0301enja, obezbe\u0111ujuc\u0301i nisko trenje i glatku rotaciju.<\/p>\n","protected":false},"featured_media":17140,"comment_status":"closed","ping_status":"closed","template":"","meta":{"_acf_changed":false},"product_cat":[1874],"product_tag":[],"class_list":{"0":"post-14577","1":"product","2":"type-product","3":"status-publish","4":"has-post-thumbnail","6":"product_cat-toplinzi-za-traktor","7":"product_shipping_class-817","8":"pa_b-john-deere","9":"pa_market-ba","10":"pa_market-mk","11":"pa_market-rs","13":"first","14":"outofstock","15":"taxable","16":"shipping-taxable","17":"purchasable","18":"product-type-simple"},"acf":[],"seolaxy_ctr_woo_product_custom_meta_description_content":"","_links":{"self":[{"href":"https:\/\/www.sinpeks.com\/rs\/wp-json\/wp\/v2\/product\/14577","targetHints":{"allow":["GET"]}}],"collection":[{"href":"https:\/\/www.sinpeks.com\/rs\/wp-json\/wp\/v2\/product"}],"about":[{"href":"https:\/\/www.sinpeks.com\/rs\/wp-json\/wp\/v2\/types\/product"}],"replies":[{"embeddable":true,"href":"https:\/\/www.sinpeks.com\/rs\/wp-json\/wp\/v2\/comments?post=14577"}],"wp:featuredmedia":[{"embeddable":true,"href":"https:\/\/www.sinpeks.com\/rs\/wp-json\/wp\/v2\/media\/17140"}],"wp:attachment":[{"href":"https:\/\/www.sinpeks.com\/rs\/wp-json\/wp\/v2\/media?parent=14577"}],"wp:term":[{"taxonomy":"product_cat","embeddable":true,"href":"https:\/\/www.sinpeks.com\/rs\/wp-json\/wp\/v2\/product_cat?post=14577"},{"taxonomy":"product_tag","embeddable":true,"href":"https:\/\/www.sinpeks.com\/rs\/wp-json\/wp\/v2\/product_tag?post=14577"}],"curies":[{"name":"wp","href":"https:\/\/api.w.org\/{rel}","templated":true}]}}