{"id":14576,"date":"2025-01-24T12:52:37","date_gmt":"2025-01-24T12:52:37","guid":{"rendered":"https:\/\/www.sinpeks.com\/rs\/p\/topling-za-tafe-42-45-sa-caurom\/"},"modified":"2026-04-09T09:50:28","modified_gmt":"2026-04-09T09:50:28","slug":"topling-za-tafe-42-45-sa-caurom","status":"publish","type":"product","link":"https:\/\/www.sinpeks.com\/rs\/p\/topling-za-tafe-42-45-sa-caurom\/","title":{"rendered":"Topling za Tafe 42\/45 sa \u010daurom"},"content":{"rendered":"<p>Ovo je centralna poluga koja povezuje zadnji deo traktora sa priklju\u010dkom. Podesiv je, omoguc\u0301avajuc\u0301i vam da promenite ugao ma\u0161ine za bolju kontrolu i performanse tokom razli\u010ditih zadataka. Ovaj topling je sa \u010daurom koja je sastavni deo sklopa, pru\u017eajuc\u0301i glatku vezu otpornu na habanje izme\u0111u ta\u010daka povezivanja traktora i gornje karike, obezbe\u0111ujuc\u0301i lakoc\u0301u rada i smanjujuc\u0301i trenje.<\/p>\n","protected":false},"excerpt":{"rendered":"<p>Ovo je centralna poluga koja povezuje zadnji deo traktora sa priklju\u010dkom. Podesiv je, omoguc\u0301avajuc\u0301i vam da promenite ugao ma\u0161ine za bolju kontrolu i performanse tokom razli\u010ditih zadataka. Ovaj topling je sa \u010daurom koja je sastavni deo sklopa, pru\u017eajuc\u0301i glatku vezu otpornu na habanje izme\u0111u ta\u010daka povezivanja traktora i gornje karike, obezbe\u0111ujuc\u0301i lakoc\u0301u rada i smanjujuc\u0301i [&hellip;]<\/p>\n","protected":false},"featured_media":17138,"comment_status":"closed","ping_status":"closed","template":"","meta":{"_acf_changed":false},"product_cat":[1874],"product_tag":[],"class_list":{"0":"post-14576","1":"product","2":"type-product","3":"status-publish","4":"has-post-thumbnail","6":"product_cat-toplinzi-za-traktor","7":"pa_b-tafe","8":"pa_market-ba","9":"pa_market-mk","10":"pa_market-rs","12":"first","13":"outofstock","14":"sale","15":"taxable","16":"shipping-taxable","17":"purchasable","18":"product-type-simple"},"acf":[],"seolaxy_ctr_woo_product_custom_meta_description_content":"","_links":{"self":[{"href":"https:\/\/www.sinpeks.com\/rs\/wp-json\/wp\/v2\/product\/14576","targetHints":{"allow":["GET"]}}],"collection":[{"href":"https:\/\/www.sinpeks.com\/rs\/wp-json\/wp\/v2\/product"}],"about":[{"href":"https:\/\/www.sinpeks.com\/rs\/wp-json\/wp\/v2\/types\/product"}],"replies":[{"embeddable":true,"href":"https:\/\/www.sinpeks.com\/rs\/wp-json\/wp\/v2\/comments?post=14576"}],"wp:featuredmedia":[{"embeddable":true,"href":"https:\/\/www.sinpeks.com\/rs\/wp-json\/wp\/v2\/media\/17138"}],"wp:attachment":[{"href":"https:\/\/www.sinpeks.com\/rs\/wp-json\/wp\/v2\/media?parent=14576"}],"wp:term":[{"taxonomy":"product_cat","embeddable":true,"href":"https:\/\/www.sinpeks.com\/rs\/wp-json\/wp\/v2\/product_cat?post=14576"},{"taxonomy":"product_tag","embeddable":true,"href":"https:\/\/www.sinpeks.com\/rs\/wp-json\/wp\/v2\/product_tag?post=14576"}],"curies":[{"name":"wp","href":"https:\/\/api.w.org\/{rel}","templated":true}]}}