{"id":14400,"date":"2025-01-21T16:23:57","date_gmt":"2025-01-21T16:23:57","guid":{"rendered":"https:\/\/www.sinpeks.com\/rs\/p\/hobbi-filter-20k20-fch6\/"},"modified":"2026-02-11T01:01:17","modified_gmt":"2026-02-11T01:01:17","slug":"hobbi-filter-20k20-fch6","status":"publish","type":"product","link":"https:\/\/www.sinpeks.com\/rs\/p\/hobbi-filter-20k20-fch6\/","title":{"rendered":"Hobbi Filter 20&#215;20 FCH6"},"content":{"rendered":"<p>Ma\u0161ina namenjena za filtriranje hrane na prirodan na\u010din, dizajnirana i izra\u0111ena od kvalitetnih materijala. Koristi se za filtriranje vina, piva, ulja, sokova, sirc\u0301eta, likera, prirodnih esencija, biljnih lekova i kozmetike.<\/p>\n","protected":false},"excerpt":{"rendered":"<p>Ma\u0161ina namenjena za filtriranje hrane na prirodan na\u010din, dizajnirana i izra\u0111ena od kvalitetnih materijala. Koristi se za filtriranje vina, piva, ulja, sokova, sirc\u0301eta, likera, prirodnih esencija, biljnih lekova i kozmetike.<\/p>\n","protected":false},"featured_media":17723,"comment_status":"open","ping_status":"closed","template":"","meta":{"_acf_changed":false},"product_cat":[195],"product_tag":[],"class_list":{"0":"post-14400","1":"product","2":"type-product","3":"status-publish","4":"has-post-thumbnail","6":"product_cat-muljace","7":"product_shipping_class-ostale-kategorije-makedonija","8":"pa_b-grifo","9":"pa_market-ba","10":"pa_market-mk","11":"pa_market-rs","13":"first","14":"outofstock","15":"sale","16":"taxable","17":"shipping-taxable","18":"purchasable","19":"product-type-simple"},"acf":[],"seolaxy_ctr_woo_product_custom_meta_description_content":"","_links":{"self":[{"href":"https:\/\/www.sinpeks.com\/rs\/wp-json\/wp\/v2\/product\/14400","targetHints":{"allow":["GET"]}}],"collection":[{"href":"https:\/\/www.sinpeks.com\/rs\/wp-json\/wp\/v2\/product"}],"about":[{"href":"https:\/\/www.sinpeks.com\/rs\/wp-json\/wp\/v2\/types\/product"}],"replies":[{"embeddable":true,"href":"https:\/\/www.sinpeks.com\/rs\/wp-json\/wp\/v2\/comments?post=14400"}],"wp:featuredmedia":[{"embeddable":true,"href":"https:\/\/www.sinpeks.com\/rs\/wp-json\/wp\/v2\/media\/17723"}],"wp:attachment":[{"href":"https:\/\/www.sinpeks.com\/rs\/wp-json\/wp\/v2\/media?parent=14400"}],"wp:term":[{"taxonomy":"product_cat","embeddable":true,"href":"https:\/\/www.sinpeks.com\/rs\/wp-json\/wp\/v2\/product_cat?post=14400"},{"taxonomy":"product_tag","embeddable":true,"href":"https:\/\/www.sinpeks.com\/rs\/wp-json\/wp\/v2\/product_tag?post=14400"}],"curies":[{"name":"wp","href":"https:\/\/api.w.org\/{rel}","templated":true}]}}