{"id":14397,"date":"2025-01-21T16:23:56","date_gmt":"2025-01-21T16:23:56","guid":{"rendered":"https:\/\/www.sinpeks.com\/rs\/p\/agregat-agrina-lt6500-monofazni\/"},"modified":"2026-04-27T08:39:03","modified_gmt":"2026-04-27T08:39:03","slug":"agregat-agrina-lt6500-monofazni","status":"publish","type":"product","link":"https:\/\/www.sinpeks.com\/rs\/p\/agregat-agrina-lt6500-monofazni\/","title":{"rendered":"Agregat Agrina LT6500 \u2013 monofazni"},"content":{"rendered":"<p>Benzinski ure\u0111aj za proizvodnju elektri\u010dne energije idealan za mesta gde nema elektri\u010dne mre\u017ee ili je napon u njoj nestabilan. Mo\u017ee se koristiti za domove, vikendice, kamp kuc\u0301ice i jednostavno kao mobilni izvor napajanja na bilo kom terenu.<\/p>\n","protected":false},"excerpt":{"rendered":"<p>Benzinski ure\u0111aj za proizvodnju elektri\u010dne energije idealan za mesta gde nema elektri\u010dne mre\u017ee ili je napon u njoj nestabilan. Mo\u017ee se koristiti za domove, vikendice, kamp kuc\u0301ice i jednostavno kao mobilni izvor napajanja na bilo kom terenu.<\/p>\n","protected":false},"featured_media":17287,"comment_status":"open","ping_status":"closed","template":"","meta":{"_acf_changed":false},"product_cat":[215],"product_tag":[],"class_list":{"0":"post-14397","1":"product","2":"type-product","3":"status-publish","4":"has-post-thumbnail","6":"product_cat-agregati-za-struju","7":"product_shipping_class-alati-masine-srbija","8":"pa_b-agrina","9":"pa_gorivo-benzin","10":"pa_market-ba","11":"pa_market-mk","12":"pa_market-rs","13":"pa_napon-220-v-50-hz","14":"pa_nominalna-snaga-5-kw","15":"pa_sistem-paljenja-na-trzaj","17":"first","18":"instock","19":"sale","20":"taxable","21":"shipping-taxable","22":"purchasable","23":"product-type-simple"},"acf":[],"seolaxy_ctr_woo_product_custom_meta_description_content":"","_links":{"self":[{"href":"https:\/\/www.sinpeks.com\/rs\/wp-json\/wp\/v2\/product\/14397","targetHints":{"allow":["GET"]}}],"collection":[{"href":"https:\/\/www.sinpeks.com\/rs\/wp-json\/wp\/v2\/product"}],"about":[{"href":"https:\/\/www.sinpeks.com\/rs\/wp-json\/wp\/v2\/types\/product"}],"replies":[{"embeddable":true,"href":"https:\/\/www.sinpeks.com\/rs\/wp-json\/wp\/v2\/comments?post=14397"}],"wp:featuredmedia":[{"embeddable":true,"href":"https:\/\/www.sinpeks.com\/rs\/wp-json\/wp\/v2\/media\/17287"}],"wp:attachment":[{"href":"https:\/\/www.sinpeks.com\/rs\/wp-json\/wp\/v2\/media?parent=14397"}],"wp:term":[{"taxonomy":"product_cat","embeddable":true,"href":"https:\/\/www.sinpeks.com\/rs\/wp-json\/wp\/v2\/product_cat?post=14397"},{"taxonomy":"product_tag","embeddable":true,"href":"https:\/\/www.sinpeks.com\/rs\/wp-json\/wp\/v2\/product_tag?post=14397"}],"curies":[{"name":"wp","href":"https:\/\/api.w.org\/{rel}","templated":true}]}}