{"id":14394,"date":"2025-01-21T16:23:56","date_gmt":"2025-01-21T16:23:56","guid":{"rendered":"https:\/\/www.sinpeks.com\/rs\/p\/dizel-agregat-agrina-lt10s-monotrofazni-profi\/"},"modified":"2026-01-14T14:09:47","modified_gmt":"2026-01-14T14:09:47","slug":"dizel-agregat-agrina-lt10s-monotrofazni-profi","status":"publish","type":"product","link":"https:\/\/www.sinpeks.com\/rs\/p\/dizel-agregat-agrina-lt10s-monotrofazni-profi\/","title":{"rendered":"Dizel agregat Agrina LT10S mono+trofazni &#8211; Profi"},"content":{"rendered":"<p>Visokokvalitetni dizel agregat zatvorenog tipa za proizvodnju elektri\u010dne energije snage 10 kW, monofazni+trofazni, sa 4-taktnim motorom i vazdu\u0161nim hla\u0111enjem.<\/p>\n","protected":false},"excerpt":{"rendered":"<p>Visokokvalitetni dizel agregat zatvorenog tipa za proizvodnju elektri\u010dne energije snage 10 kW, monofazni+trofazni, sa 4-taktnim motorom i vazdu\u0161nim hla\u0111enjem.<\/p>\n","protected":false},"featured_media":17300,"comment_status":"open","ping_status":"closed","template":"","meta":{"_acf_changed":false},"product_cat":[215],"product_tag":[],"class_list":{"0":"post-14394","1":"product","2":"type-product","3":"status-publish","4":"has-post-thumbnail","6":"product_cat-agregati-za-struju","7":"product_shipping_class-alati-masine-srbija","8":"pa_b-agrina","9":"pa_gorivo-dizel","10":"pa_market-ba","11":"pa_market-mk","12":"pa_market-rs","13":"pa_napon-220-380-v-50-60-hz","14":"pa_nominalna-snaga-10-kw","15":"pa_sistem-paljenja-elektricni","17":"first","18":"instock","19":"sale","20":"taxable","21":"shipping-taxable","22":"purchasable","23":"product-type-simple"},"acf":[],"seolaxy_ctr_woo_product_custom_meta_description_content":"","_links":{"self":[{"href":"https:\/\/www.sinpeks.com\/rs\/wp-json\/wp\/v2\/product\/14394","targetHints":{"allow":["GET"]}}],"collection":[{"href":"https:\/\/www.sinpeks.com\/rs\/wp-json\/wp\/v2\/product"}],"about":[{"href":"https:\/\/www.sinpeks.com\/rs\/wp-json\/wp\/v2\/types\/product"}],"replies":[{"embeddable":true,"href":"https:\/\/www.sinpeks.com\/rs\/wp-json\/wp\/v2\/comments?post=14394"}],"wp:featuredmedia":[{"embeddable":true,"href":"https:\/\/www.sinpeks.com\/rs\/wp-json\/wp\/v2\/media\/17300"}],"wp:attachment":[{"href":"https:\/\/www.sinpeks.com\/rs\/wp-json\/wp\/v2\/media?parent=14394"}],"wp:term":[{"taxonomy":"product_cat","embeddable":true,"href":"https:\/\/www.sinpeks.com\/rs\/wp-json\/wp\/v2\/product_cat?post=14394"},{"taxonomy":"product_tag","embeddable":true,"href":"https:\/\/www.sinpeks.com\/rs\/wp-json\/wp\/v2\/product_tag?post=14394"}],"curies":[{"name":"wp","href":"https:\/\/api.w.org\/{rel}","templated":true}]}}