{"id":14391,"date":"2025-01-21T16:23:55","date_gmt":"2025-01-21T16:23:55","guid":{"rendered":"https:\/\/www.sinpeks.com\/rs\/p\/dizel-agregat-agrina-dg10000se3-monotrofazni\/"},"modified":"2026-04-28T12:27:05","modified_gmt":"2026-04-28T12:27:05","slug":"dizel-agregat-agrina-dg10000se3-monotrofazni","status":"publish","type":"product","link":"https:\/\/www.sinpeks.com\/rs\/p\/dizel-agregat-agrina-dg10000se3-monotrofazni\/","title":{"rendered":"Dizel agregat Agrina DG10000SE3 mono+trofazni"},"content":{"rendered":"<p>Agrina monofazna + trofazna dizel jedinica za proizvodnju elektri\u010dne energije, sa 4-taktnim motorom sa vazdu\u0161nim hla\u0111enjem, direktnim ubrizgavanjem i elektri\u010dnim startom. Agregat je zatvorenog tipa \u0161to ga \u010dini tihim i lako prenosivim za rad na terenu.<\/p>\n","protected":false},"excerpt":{"rendered":"<p>Agrina monofazna + trofazna dizel jedinica za proizvodnju elektri\u010dne energije, sa 4-taktnim motorom sa vazdu\u0161nim hla\u0111enjem, direktnim ubrizgavanjem i elektri\u010dnim startom. Agregat je zatvorenog tipa \u0161to ga \u010dini tihim i lako prenosivim za rad na terenu.<\/p>\n","protected":false},"featured_media":17301,"comment_status":"open","ping_status":"closed","template":"","meta":{"_acf_changed":false},"product_cat":[215],"product_tag":[],"class_list":{"0":"post-14391","1":"product","2":"type-product","3":"status-publish","4":"has-post-thumbnail","6":"product_cat-agregati-za-struju","7":"product_shipping_class-alati-masine-makedonija","8":"pa_b-agrina","9":"pa_gorivo-dizel","10":"pa_market-ba","11":"pa_market-mk","12":"pa_market-rs","13":"pa_napon-220-380-v-50-60-hz","14":"pa_nominalna-snaga-65-kw","15":"pa_sistem-paljenja-elektricni","17":"first","18":"instock","19":"sale","20":"taxable","21":"shipping-taxable","22":"purchasable","23":"product-type-simple"},"acf":[],"seolaxy_ctr_woo_product_custom_meta_description_content":"","_links":{"self":[{"href":"https:\/\/www.sinpeks.com\/rs\/wp-json\/wp\/v2\/product\/14391","targetHints":{"allow":["GET"]}}],"collection":[{"href":"https:\/\/www.sinpeks.com\/rs\/wp-json\/wp\/v2\/product"}],"about":[{"href":"https:\/\/www.sinpeks.com\/rs\/wp-json\/wp\/v2\/types\/product"}],"replies":[{"embeddable":true,"href":"https:\/\/www.sinpeks.com\/rs\/wp-json\/wp\/v2\/comments?post=14391"}],"wp:featuredmedia":[{"embeddable":true,"href":"https:\/\/www.sinpeks.com\/rs\/wp-json\/wp\/v2\/media\/17301"}],"wp:attachment":[{"href":"https:\/\/www.sinpeks.com\/rs\/wp-json\/wp\/v2\/media?parent=14391"}],"wp:term":[{"taxonomy":"product_cat","embeddable":true,"href":"https:\/\/www.sinpeks.com\/rs\/wp-json\/wp\/v2\/product_cat?post=14391"},{"taxonomy":"product_tag","embeddable":true,"href":"https:\/\/www.sinpeks.com\/rs\/wp-json\/wp\/v2\/product_tag?post=14391"}],"curies":[{"name":"wp","href":"https:\/\/api.w.org\/{rel}","templated":true}]}}