{"id":14388,"date":"2025-01-21T16:23:54","date_gmt":"2025-01-21T16:23:54","guid":{"rendered":"https:\/\/www.sinpeks.com\/rs\/p\/migliori-vc-3012-usisivac\/"},"modified":"2026-05-05T10:03:57","modified_gmt":"2026-05-05T10:03:57","slug":"migliori-vc-3012-usisivac","status":"publish","type":"product","link":"https:\/\/www.sinpeks.com\/rs\/p\/migliori-vc-3012-usisivac\/","title":{"rendered":"Migliori VC 3012 usisiva\u010d"},"content":{"rendered":"<p>Profesionalni usisiva\u010d za suvo i mokro \u010di\u0161c\u0301enje snage 1200 V. Opremljen je postoljem sa 4 to\u010dka i utika\u010dem od 2000 V za povezivanje radnih ma\u0161ina.<\/p>\n<p>U standardnoj opremi nalaze se HEPA filter i filter za usisavanje vode, papirna kesa, cipela (vodeno i hemijsko \u010di\u0161c\u0301enje) i tanak nastavak za \u010di\u0161c\u0301enje.<\/p>\n","protected":false},"excerpt":{"rendered":"<p>Profesionalni usisiva\u010d za suvo i mokro \u010di\u0161c\u0301enje snage 1200 V. Opremljen je postoljem sa 4 to\u010dka i utika\u010dem od 2000 V za povezivanje radnih ma\u0161ina. U standardnoj opremi nalaze se HEPA filter i filter za usisavanje vode, papirna kesa, cipela (vodeno i hemijsko \u010di\u0161c\u0301enje) i tanak nastavak za \u010di\u0161c\u0301enje.<\/p>\n","protected":false},"featured_media":15729,"comment_status":"open","ping_status":"closed","template":"","meta":{"_acf_changed":false},"product_cat":[225],"product_tag":[],"class_list":{"0":"post-14388","1":"product","2":"type-product","3":"status-publish","4":"has-post-thumbnail","6":"product_cat-industrijski-usisivaci","7":"product_shipping_class-alati-masine-makedonija","8":"pa_b-migliori","9":"pa_broj-motora-sa-jednim-motorom","10":"pa_market-ba","11":"pa_market-mk","12":"pa_market-rs","13":"pa_rezervoar-30-l","14":"pa_snaga-motora-1200-w","16":"first","17":"outofstock","18":"sale","19":"taxable","20":"shipping-taxable","21":"purchasable","22":"product-type-simple"},"acf":[],"seolaxy_ctr_woo_product_custom_meta_description_content":"","_links":{"self":[{"href":"https:\/\/www.sinpeks.com\/rs\/wp-json\/wp\/v2\/product\/14388","targetHints":{"allow":["GET"]}}],"collection":[{"href":"https:\/\/www.sinpeks.com\/rs\/wp-json\/wp\/v2\/product"}],"about":[{"href":"https:\/\/www.sinpeks.com\/rs\/wp-json\/wp\/v2\/types\/product"}],"replies":[{"embeddable":true,"href":"https:\/\/www.sinpeks.com\/rs\/wp-json\/wp\/v2\/comments?post=14388"}],"wp:featuredmedia":[{"embeddable":true,"href":"https:\/\/www.sinpeks.com\/rs\/wp-json\/wp\/v2\/media\/15729"}],"wp:attachment":[{"href":"https:\/\/www.sinpeks.com\/rs\/wp-json\/wp\/v2\/media?parent=14388"}],"wp:term":[{"taxonomy":"product_cat","embeddable":true,"href":"https:\/\/www.sinpeks.com\/rs\/wp-json\/wp\/v2\/product_cat?post=14388"},{"taxonomy":"product_tag","embeddable":true,"href":"https:\/\/www.sinpeks.com\/rs\/wp-json\/wp\/v2\/product_tag?post=14388"}],"curies":[{"name":"wp","href":"https:\/\/api.w.org\/{rel}","templated":true}]}}