{"id":14387,"date":"2025-01-21T16:23:54","date_gmt":"2025-01-21T16:23:54","guid":{"rendered":"https:\/\/www.sinpeks.com\/rs\/p\/podna-masina-scl-easi-r-66bt-bez-baterije-profi\/"},"modified":"2026-01-13T11:02:56","modified_gmt":"2026-01-13T11:02:56","slug":"podna-masina-scl-easi-r-66bt-bez-baterije-profi","status":"publish","type":"product","link":"https:\/\/www.sinpeks.com\/rs\/p\/podna-masina-scl-easi-r-66bt-bez-baterije-profi\/","title":{"rendered":"Podna ma\u0161ina SCL EASY- R 66BT bez baterije-Profi"},"content":{"rendered":"<p>Ma\u0161ina za \u010di\u0161c\u0301enje podova kompanije Lavor dizajnirana za \u010di\u0161c\u0301enje povr\u0161ina srednje veli\u010dine do 2.200 m\u00b2.<\/p>\n","protected":false},"excerpt":{"rendered":"<p>Ma\u0161ina za \u010di\u0161c\u0301enje podova kompanije Lavor dizajnirana za \u010di\u0161c\u0301enje povr\u0161ina srednje veli\u010dine do 2.200 m\u00b2.<\/p>\n","protected":false},"featured_media":15709,"comment_status":"open","ping_status":"closed","template":"","meta":{"_acf_changed":false},"product_cat":[224],"product_tag":[],"class_list":{"0":"post-14387","1":"product","2":"type-product","3":"status-publish","4":"has-post-thumbnail","6":"product_cat-masine-za-ciscenje-podova","7":"product_shipping_class-alati-masine-makedonija","8":"pa_b-lavor","9":"pa_market-ba","10":"pa_market-mk","11":"pa_market-rs","12":"pa_napon-24v","13":"pa_radni-kapacitet-2970-m2-h","14":"pa_tip-masine-akumulatorske","16":"first","17":"outofstock","18":"sale","19":"taxable","20":"shipping-taxable","21":"purchasable","22":"product-type-simple"},"acf":[],"seolaxy_ctr_woo_product_custom_meta_description_content":"","_links":{"self":[{"href":"https:\/\/www.sinpeks.com\/rs\/wp-json\/wp\/v2\/product\/14387","targetHints":{"allow":["GET"]}}],"collection":[{"href":"https:\/\/www.sinpeks.com\/rs\/wp-json\/wp\/v2\/product"}],"about":[{"href":"https:\/\/www.sinpeks.com\/rs\/wp-json\/wp\/v2\/types\/product"}],"replies":[{"embeddable":true,"href":"https:\/\/www.sinpeks.com\/rs\/wp-json\/wp\/v2\/comments?post=14387"}],"wp:featuredmedia":[{"embeddable":true,"href":"https:\/\/www.sinpeks.com\/rs\/wp-json\/wp\/v2\/media\/15709"}],"wp:attachment":[{"href":"https:\/\/www.sinpeks.com\/rs\/wp-json\/wp\/v2\/media?parent=14387"}],"wp:term":[{"taxonomy":"product_cat","embeddable":true,"href":"https:\/\/www.sinpeks.com\/rs\/wp-json\/wp\/v2\/product_cat?post=14387"},{"taxonomy":"product_tag","embeddable":true,"href":"https:\/\/www.sinpeks.com\/rs\/wp-json\/wp\/v2\/product_tag?post=14387"}],"curies":[{"name":"wp","href":"https:\/\/api.w.org\/{rel}","templated":true}]}}