{"id":14385,"date":"2025-01-21T16:23:53","date_gmt":"2025-01-21T16:23:53","guid":{"rendered":"https:\/\/www.sinpeks.com\/rs\/p\/podna-masina-readi-32b-profi\/"},"modified":"2026-02-02T13:52:09","modified_gmt":"2026-02-02T13:52:09","slug":"podna-masina-readi-32b-profi","status":"publish","type":"product","link":"https:\/\/www.sinpeks.com\/rs\/p\/podna-masina-readi-32b-profi\/","title":{"rendered":"Podna ma\u0161ina READY 32B-Profi"},"content":{"rendered":"<p>Podna ma\u0161ina Ready 32B pere, sakuplja vodu i su\u0161i u oba smera kretanja, napred i nazad. Ma\u0161ina se koristi za \u010di\u0161c\u0301enje mnogih vrsta povr\u0161ina, uklju\u010dujuc\u0301i i tepihe. Ma\u0161inu napaja litijumska baterija od 36 V, a punja\u010d radi na jednofaznu struju.<\/p>\n","protected":false},"excerpt":{"rendered":"<p>Podna ma\u0161ina Ready 32B pere, sakuplja vodu i su\u0161i u oba smera kretanja, napred i nazad. Ma\u0161ina se koristi za \u010di\u0161c\u0301enje mnogih vrsta povr\u0161ina, uklju\u010dujuc\u0301i i tepihe. Ma\u0161inu napaja litijumska baterija od 36 V, a punja\u010d radi na jednofaznu struju.<\/p>\n","protected":false},"featured_media":15713,"comment_status":"open","ping_status":"closed","template":"","meta":{"_acf_changed":false},"product_cat":[224],"product_tag":[],"class_list":{"0":"post-14385","1":"product","2":"type-product","3":"status-publish","4":"has-post-thumbnail","6":"product_cat-masine-za-ciscenje-podova","7":"product_shipping_class-alati-masine-makedonija","8":"pa_b-lavor","9":"pa_market-ba","10":"pa_market-mk","11":"pa_market-rs","12":"pa_napon-36v-punjac-u-setu","13":"pa_radni-kapacitet-1500-m2-h","14":"pa_tip-masine-akumulatorske","16":"first","17":"outofstock","18":"sale","19":"taxable","20":"shipping-taxable","21":"purchasable","22":"product-type-simple"},"acf":[],"seolaxy_ctr_woo_product_custom_meta_description_content":"","_links":{"self":[{"href":"https:\/\/www.sinpeks.com\/rs\/wp-json\/wp\/v2\/product\/14385","targetHints":{"allow":["GET"]}}],"collection":[{"href":"https:\/\/www.sinpeks.com\/rs\/wp-json\/wp\/v2\/product"}],"about":[{"href":"https:\/\/www.sinpeks.com\/rs\/wp-json\/wp\/v2\/types\/product"}],"replies":[{"embeddable":true,"href":"https:\/\/www.sinpeks.com\/rs\/wp-json\/wp\/v2\/comments?post=14385"}],"wp:featuredmedia":[{"embeddable":true,"href":"https:\/\/www.sinpeks.com\/rs\/wp-json\/wp\/v2\/media\/15713"}],"wp:attachment":[{"href":"https:\/\/www.sinpeks.com\/rs\/wp-json\/wp\/v2\/media?parent=14385"}],"wp:term":[{"taxonomy":"product_cat","embeddable":true,"href":"https:\/\/www.sinpeks.com\/rs\/wp-json\/wp\/v2\/product_cat?post=14385"},{"taxonomy":"product_tag","embeddable":true,"href":"https:\/\/www.sinpeks.com\/rs\/wp-json\/wp\/v2\/product_tag?post=14385"}],"curies":[{"name":"wp","href":"https:\/\/api.w.org\/{rel}","templated":true}]}}