{"id":14384,"date":"2025-01-21T16:23:53","date_gmt":"2025-01-21T16:23:53","guid":{"rendered":"https:\/\/www.sinpeks.com\/rs\/p\/podna-masina-cristal-clean-profi\/"},"modified":"2026-03-02T09:14:59","modified_gmt":"2026-03-02T09:14:59","slug":"podna-masina-cristal-clean-profi","status":"publish","type":"product","link":"https:\/\/www.sinpeks.com\/rs\/p\/podna-masina-cristal-clean-profi\/","title":{"rendered":"Ma\u0161ina za podove CRYSTAL CLEAN- Profi"},"content":{"rendered":"<p>Ma\u0161ina za podove sa toplom vodom koja nalazi primenu u \u010di\u0161c\u0301enju manjih povr\u0161ina kao \u0161to su pijace, kancelarije, \u0161kole, bolnice, teretane i restorani. \u010cisti temperaturom vode od 90 stepeni, ima 2 funkcije, pranje i su\u0161enje, ima to\u010dkove koji ne ostavljaju tragove kretanja.<\/p>\n","protected":false},"excerpt":{"rendered":"<p>Ma\u0161ina za podove sa toplom vodom koja nalazi primenu u \u010di\u0161c\u0301enju manjih povr\u0161ina kao \u0161to su pijace, kancelarije, \u0161kole, bolnice, teretane i restorani. \u010cisti temperaturom vode od 90 stepeni, ima 2 funkcije, pranje i su\u0161enje, ima to\u010dkove koji ne ostavljaju tragove kretanja.<\/p>\n","protected":false},"featured_media":15712,"comment_status":"open","ping_status":"closed","template":"","meta":{"_acf_changed":false},"product_cat":[224],"product_tag":[],"class_list":{"0":"post-14384","1":"product","2":"type-product","3":"status-publish","4":"has-post-thumbnail","6":"product_cat-masine-za-ciscenje-podova","7":"product_shipping_class-alati-masine-makedonija","8":"pa_b-lavor","9":"pa_market-ba","10":"pa_market-mk","11":"pa_market-rs","12":"pa_napon-230v-50hz","13":"pa_radni-kapacitet-1015-m2-h","14":"pa_tip-masine-elektricne","16":"first","17":"outofstock","18":"sale","19":"taxable","20":"shipping-taxable","21":"purchasable","22":"product-type-simple"},"acf":[],"seolaxy_ctr_woo_product_custom_meta_description_content":"","_links":{"self":[{"href":"https:\/\/www.sinpeks.com\/rs\/wp-json\/wp\/v2\/product\/14384","targetHints":{"allow":["GET"]}}],"collection":[{"href":"https:\/\/www.sinpeks.com\/rs\/wp-json\/wp\/v2\/product"}],"about":[{"href":"https:\/\/www.sinpeks.com\/rs\/wp-json\/wp\/v2\/types\/product"}],"replies":[{"embeddable":true,"href":"https:\/\/www.sinpeks.com\/rs\/wp-json\/wp\/v2\/comments?post=14384"}],"wp:featuredmedia":[{"embeddable":true,"href":"https:\/\/www.sinpeks.com\/rs\/wp-json\/wp\/v2\/media\/15712"}],"wp:attachment":[{"href":"https:\/\/www.sinpeks.com\/rs\/wp-json\/wp\/v2\/media?parent=14384"}],"wp:term":[{"taxonomy":"product_cat","embeddable":true,"href":"https:\/\/www.sinpeks.com\/rs\/wp-json\/wp\/v2\/product_cat?post=14384"},{"taxonomy":"product_tag","embeddable":true,"href":"https:\/\/www.sinpeks.com\/rs\/wp-json\/wp\/v2\/product_tag?post=14384"}],"curies":[{"name":"wp","href":"https:\/\/api.w.org\/{rel}","templated":true}]}}