{"id":14383,"date":"2025-01-21T16:23:52","date_gmt":"2025-01-21T16:23:52","guid":{"rendered":"https:\/\/www.sinpeks.com\/rs\/p\/masina-za-podove-lavor-fit35b-profi\/"},"modified":"2026-02-03T07:34:23","modified_gmt":"2026-02-03T07:34:23","slug":"masina-za-podove-lavor-fit35b-profi","status":"publish","type":"product","link":"https:\/\/www.sinpeks.com\/rs\/p\/masina-za-podove-lavor-fit35b-profi\/","title":{"rendered":"Ma\u0161ina za podove Lavor FIT35B-Profi"},"content":{"rendered":"<p>Podna ma\u0161ina koja se mo\u017ee koristiti za svakodnevno \u010di\u0161c\u0301enje podnih povr\u0161ina, namenjena HoReCa sektoru, za \u010di\u0161c\u0301enje kancelarija i domac\u0301instava. \u010ci\u0161c\u0301enje je brzo i \u0161tedi vreme i trud.<br \/>\nIma ergonomsku ru\u010dku sa podesivom visinom, LED svetlo i jednostavan je za upotrebu. Mo\u017ee se koristiti za \u010di\u0161c\u0301enje uskih mesta i bilo koje vrste tvrdih povr\u0161ina.<\/p>\n","protected":false},"excerpt":{"rendered":"<p>Podna ma\u0161ina koja se mo\u017ee koristiti za svakodnevno \u010di\u0161c\u0301enje podnih povr\u0161ina, namenjena HoReCa sektoru, za \u010di\u0161c\u0301enje kancelarija i domac\u0301instava. \u010ci\u0161c\u0301enje je brzo i \u0161tedi vreme i trud. Ima ergonomsku ru\u010dku sa podesivom visinom, LED svetlo i jednostavan je za upotrebu. Mo\u017ee se koristiti za \u010di\u0161c\u0301enje uskih mesta i bilo koje vrste tvrdih povr\u0161ina.<\/p>\n","protected":false},"featured_media":15715,"comment_status":"open","ping_status":"closed","template":"","meta":{"_acf_changed":false},"product_cat":[224],"product_tag":[],"class_list":{"0":"post-14383","1":"product","2":"type-product","3":"status-publish","4":"has-post-thumbnail","6":"product_cat-masine-za-ciscenje-podova","7":"product_shipping_class-alati-masine-makedonija","8":"pa_b-lavor","9":"pa_market-ba","10":"pa_market-mk","11":"pa_market-rs","12":"pa_napon-1-9-1-5-l","13":"pa_radni-kapacitet-1609-m2-h","14":"pa_tip-masine-akumulatorske","16":"first","17":"outofstock","18":"sale","19":"taxable","20":"shipping-taxable","21":"purchasable","22":"product-type-simple"},"acf":[],"seolaxy_ctr_woo_product_custom_meta_description_content":"","_links":{"self":[{"href":"https:\/\/www.sinpeks.com\/rs\/wp-json\/wp\/v2\/product\/14383","targetHints":{"allow":["GET"]}}],"collection":[{"href":"https:\/\/www.sinpeks.com\/rs\/wp-json\/wp\/v2\/product"}],"about":[{"href":"https:\/\/www.sinpeks.com\/rs\/wp-json\/wp\/v2\/types\/product"}],"replies":[{"embeddable":true,"href":"https:\/\/www.sinpeks.com\/rs\/wp-json\/wp\/v2\/comments?post=14383"}],"wp:featuredmedia":[{"embeddable":true,"href":"https:\/\/www.sinpeks.com\/rs\/wp-json\/wp\/v2\/media\/15715"}],"wp:attachment":[{"href":"https:\/\/www.sinpeks.com\/rs\/wp-json\/wp\/v2\/media?parent=14383"}],"wp:term":[{"taxonomy":"product_cat","embeddable":true,"href":"https:\/\/www.sinpeks.com\/rs\/wp-json\/wp\/v2\/product_cat?post=14383"},{"taxonomy":"product_tag","embeddable":true,"href":"https:\/\/www.sinpeks.com\/rs\/wp-json\/wp\/v2\/product_tag?post=14383"}],"curies":[{"name":"wp","href":"https:\/\/api.w.org\/{rel}","templated":true}]}}