{"id":14382,"date":"2025-01-21T16:23:51","date_gmt":"2025-01-21T16:23:51","guid":{"rendered":"https:\/\/www.sinpeks.com\/rs\/p\/podna-masina-evo-50e-pro\/"},"modified":"2026-04-03T20:44:16","modified_gmt":"2026-04-03T20:44:16","slug":"podna-masina-evo-50e-pro","status":"publish","type":"product","link":"https:\/\/www.sinpeks.com\/rs\/p\/podna-masina-evo-50e-pro\/","title":{"rendered":"Podna ma\u0161ina Evo 50E &#8211; Pro"},"content":{"rendered":"<p>Kompaktna ma\u0161ina za \u010di\u0161c\u0301enje podova za povr\u0161ine do 1.500 m\u00b2. Posebno pogodan za auto salone, prodavnice, hale, zdravstvene ustanove i sli\u010dne objekte gde postoji potreba za \u010di\u0161c\u0301enjem u ograni\u010denom prostoru.<\/p>\n","protected":false},"excerpt":{"rendered":"<p>Kompaktna ma\u0161ina za \u010di\u0161c\u0301enje podova za povr\u0161ine do 1.500 m\u00b2. Posebno pogodan za auto salone, prodavnice, hale, zdravstvene ustanove i sli\u010dne objekte gde postoji potreba za \u010di\u0161c\u0301enjem u ograni\u010denom prostoru.<\/p>\n","protected":false},"featured_media":15705,"comment_status":"open","ping_status":"closed","template":"","meta":{"_acf_changed":false},"product_cat":[224],"product_tag":[],"class_list":{"0":"post-14382","1":"product","2":"type-product","3":"status-publish","4":"has-post-thumbnail","6":"product_cat-masine-za-ciscenje-podova","7":"product_shipping_class-alati-masine-makedonija","8":"pa_b-lavor","9":"pa_market-ba","10":"pa_market-mk","11":"pa_market-rs","12":"pa_napon-230v-50hz","13":"pa_radni-kapacitet-2000-m2-h","14":"pa_tip-masine-akumulatorske","16":"first","17":"outofstock","18":"sale","19":"taxable","20":"shipping-taxable","21":"purchasable","22":"product-type-simple"},"acf":[],"seolaxy_ctr_woo_product_custom_meta_description_content":"","_links":{"self":[{"href":"https:\/\/www.sinpeks.com\/rs\/wp-json\/wp\/v2\/product\/14382","targetHints":{"allow":["GET"]}}],"collection":[{"href":"https:\/\/www.sinpeks.com\/rs\/wp-json\/wp\/v2\/product"}],"about":[{"href":"https:\/\/www.sinpeks.com\/rs\/wp-json\/wp\/v2\/types\/product"}],"replies":[{"embeddable":true,"href":"https:\/\/www.sinpeks.com\/rs\/wp-json\/wp\/v2\/comments?post=14382"}],"wp:featuredmedia":[{"embeddable":true,"href":"https:\/\/www.sinpeks.com\/rs\/wp-json\/wp\/v2\/media\/15705"}],"wp:attachment":[{"href":"https:\/\/www.sinpeks.com\/rs\/wp-json\/wp\/v2\/media?parent=14382"}],"wp:term":[{"taxonomy":"product_cat","embeddable":true,"href":"https:\/\/www.sinpeks.com\/rs\/wp-json\/wp\/v2\/product_cat?post=14382"},{"taxonomy":"product_tag","embeddable":true,"href":"https:\/\/www.sinpeks.com\/rs\/wp-json\/wp\/v2\/product_tag?post=14382"}],"curies":[{"name":"wp","href":"https:\/\/api.w.org\/{rel}","templated":true}]}}