{"id":14381,"date":"2025-01-21T16:23:51","date_gmt":"2025-01-21T16:23:51","guid":{"rendered":"https:\/\/www.sinpeks.com\/rs\/p\/uredjaj-lavor-npks-1511ksp-profi\/"},"modified":"2026-05-05T10:02:28","modified_gmt":"2026-05-05T10:02:28","slug":"uredjaj-lavor-npks-1511ksp-profi","status":"publish","type":"product","link":"https:\/\/www.sinpeks.com\/rs\/p\/uredjaj-lavor-npks-1511ksp-profi\/","title":{"rendered":"Ure\u0111aj Lavor NPX 1511XP &#8211; Profi"},"content":{"rendered":"<p>Profesionalna ma\u0161ina sa hladnom i toplom vodom za pranje vozila, koja svoju primenu nalazi u auto industriji, u transportnoj industriji, kao i u poljoprivredi za pranje velikih poljoprivrednih ma\u0161ina, u sto\u010darstvu za pranje \u0161tala, silosa ili mesta za skladi\u0161tenje \u017eitarica.<\/p>\n","protected":false},"excerpt":{"rendered":"<p>Profesionalna ma\u0161ina sa hladnom i toplom vodom za pranje vozila, koja svoju primenu nalazi u auto industriji, u transportnoj industriji, kao i u poljoprivredi za pranje velikih poljoprivrednih ma\u0161ina, u sto\u010darstvu za pranje \u0161tala, silosa ili mesta za skladi\u0161tenje \u017eitarica.<\/p>\n","protected":false},"featured_media":15697,"comment_status":"open","ping_status":"closed","template":"","meta":{"_acf_changed":false},"product_cat":[223],"product_tag":[],"class_list":{"0":"post-14381","1":"product","2":"type-product","3":"status-publish","4":"has-post-thumbnail","6":"product_cat-peraci-pod-pritiskom","7":"product_shipping_class-alati-masine-makedonija","8":"pa_b-lavor","9":"pa_market-ba","10":"pa_market-mk","11":"pa_market-rs","12":"pa_napon-400v-50hz","13":"pa_pritisak-150-bar","14":"pa_snaga-motora-4000-w","16":"first","17":"instock","18":"sale","19":"taxable","20":"shipping-taxable","21":"purchasable","22":"product-type-simple"},"acf":[],"seolaxy_ctr_woo_product_custom_meta_description_content":"","_links":{"self":[{"href":"https:\/\/www.sinpeks.com\/rs\/wp-json\/wp\/v2\/product\/14381","targetHints":{"allow":["GET"]}}],"collection":[{"href":"https:\/\/www.sinpeks.com\/rs\/wp-json\/wp\/v2\/product"}],"about":[{"href":"https:\/\/www.sinpeks.com\/rs\/wp-json\/wp\/v2\/types\/product"}],"replies":[{"embeddable":true,"href":"https:\/\/www.sinpeks.com\/rs\/wp-json\/wp\/v2\/comments?post=14381"}],"wp:featuredmedia":[{"embeddable":true,"href":"https:\/\/www.sinpeks.com\/rs\/wp-json\/wp\/v2\/media\/15697"}],"wp:attachment":[{"href":"https:\/\/www.sinpeks.com\/rs\/wp-json\/wp\/v2\/media?parent=14381"}],"wp:term":[{"taxonomy":"product_cat","embeddable":true,"href":"https:\/\/www.sinpeks.com\/rs\/wp-json\/wp\/v2\/product_cat?post=14381"},{"taxonomy":"product_tag","embeddable":true,"href":"https:\/\/www.sinpeks.com\/rs\/wp-json\/wp\/v2\/product_tag?post=14381"}],"curies":[{"name":"wp","href":"https:\/\/api.w.org\/{rel}","templated":true}]}}