{"id":14373,"date":"2025-01-21T16:23:49","date_gmt":"2025-01-21T16:23:49","guid":{"rendered":"https:\/\/www.sinpeks.com\/rs\/p\/duvaljka-82b1300-cramer\/"},"modified":"2026-01-13T11:19:06","modified_gmt":"2026-01-13T11:19:06","slug":"duvaljka-82b1300-cramer","status":"publish","type":"product","link":"https:\/\/www.sinpeks.com\/rs\/p\/duvaljka-82b1300-cramer\/","title":{"rendered":"Duva\u010d li\u0161\u0107a 82B1300 Cramer"},"content":{"rendered":"<p>Akumulatorski duva\u010d li\u0161\u0107a Cramer 82B1300 je moc\u0301na ma\u0161ina za profesionalnu upotrebu namenjena za \u010di\u0161c\u0301enje velikih povr\u0161ina kao \u0161to su parkinzi, sportski tereni i urbana podru\u010dja.<\/p>\n<p>*Napomena: Duva\u010d ne dolazi sa baterijom i punja\u010dem.<\/p>\n","protected":false},"excerpt":{"rendered":"<p>Akumulatorski duva\u010d li\u0161\u0107a Cramer 82B1300 je moc\u0301na ma\u0161ina za profesionalnu upotrebu namenjena za \u010di\u0161c\u0301enje velikih povr\u0161ina kao \u0161to su parkinzi, sportski tereni i urbana podru\u010dja. *Napomena: Duva\u010d ne dolazi sa baterijom i punja\u010dem.<\/p>\n","protected":false},"featured_media":16373,"comment_status":"open","ping_status":"closed","template":"","meta":{"_acf_changed":false},"product_cat":[179],"product_tag":[],"class_list":{"0":"post-14373","1":"product","2":"type-product","3":"status-publish","4":"has-post-thumbnail","6":"product_cat-duvaljke-za-lisce","7":"product_shipping_class-alati-masine-makedonija","8":"pa_b-cramer","9":"pa_market-ba","10":"pa_market-mk","11":"pa_market-rs","13":"first","14":"outofstock","15":"sale","16":"taxable","17":"shipping-taxable","18":"purchasable","19":"product-type-simple"},"acf":[],"seolaxy_ctr_woo_product_custom_meta_description_content":"","_links":{"self":[{"href":"https:\/\/www.sinpeks.com\/rs\/wp-json\/wp\/v2\/product\/14373","targetHints":{"allow":["GET"]}}],"collection":[{"href":"https:\/\/www.sinpeks.com\/rs\/wp-json\/wp\/v2\/product"}],"about":[{"href":"https:\/\/www.sinpeks.com\/rs\/wp-json\/wp\/v2\/types\/product"}],"replies":[{"embeddable":true,"href":"https:\/\/www.sinpeks.com\/rs\/wp-json\/wp\/v2\/comments?post=14373"}],"wp:featuredmedia":[{"embeddable":true,"href":"https:\/\/www.sinpeks.com\/rs\/wp-json\/wp\/v2\/media\/16373"}],"wp:attachment":[{"href":"https:\/\/www.sinpeks.com\/rs\/wp-json\/wp\/v2\/media?parent=14373"}],"wp:term":[{"taxonomy":"product_cat","embeddable":true,"href":"https:\/\/www.sinpeks.com\/rs\/wp-json\/wp\/v2\/product_cat?post=14373"},{"taxonomy":"product_tag","embeddable":true,"href":"https:\/\/www.sinpeks.com\/rs\/wp-json\/wp\/v2\/product_tag?post=14373"}],"curies":[{"name":"wp","href":"https:\/\/api.w.org\/{rel}","templated":true}]}}