{"id":14372,"date":"2025-01-21T16:23:48","date_gmt":"2025-01-21T16:23:48","guid":{"rendered":"https:\/\/www.sinpeks.com\/rs\/p\/gd40bv-greenworks-duvaljka-usisivac\/"},"modified":"2026-05-15T00:01:11","modified_gmt":"2026-05-15T00:01:11","slug":"gd40bv-greenworks-duvaljka-usisivac","status":"publish","type":"product","link":"https:\/\/www.sinpeks.com\/rs\/p\/gd40bv-greenworks-duvaljka-usisivac\/","title":{"rendered":"Duva\u010d li\u0161\u0107a\/usisiva\u010d GD40BV Greenworks"},"content":{"rendered":"<p>Greenworks GD40BV je moc\u0301an, ali lagan duva\u010d li\u0161\u0107a\/usisiva\u010d za male i srednje travnjake. Pokrec\u0301e ga motor bez \u010detkica i napredna litijum-jonska baterija od 40V koja kombinuje kompaktan dizajn sa moc\u0301nim performansama, kao deo 40V porodice, baterija se mo\u017ee koristiti u bilo kom drugom dostupnom alatu, nudec\u0301i potpunu fleksibilnost i udobnost.<\/p>\n<p>*Napomena: Duva\u010d ne dolazi sa baterijom i punja\u010dem.<\/p>\n","protected":false},"excerpt":{"rendered":"<p>Greenworks GD40BV je moc\u0301an, ali lagan duva\u010d li\u0161\u0107a\/usisiva\u010d za male i srednje travnjake. Pokrec\u0301e ga motor bez \u010detkica i napredna litijum-jonska baterija od 40V koja kombinuje kompaktan dizajn sa moc\u0301nim performansama, kao deo 40V porodice, baterija se mo\u017ee koristiti u bilo kom drugom dostupnom alatu, nudec\u0301i potpunu fleksibilnost i udobnost. *Napomena: Duva\u010d ne dolazi sa [&hellip;]<\/p>\n","protected":false},"featured_media":16370,"comment_status":"open","ping_status":"closed","template":"","meta":{"_acf_changed":false},"product_cat":[179],"product_tag":[],"class_list":{"0":"post-14372","1":"product","2":"type-product","3":"status-publish","4":"has-post-thumbnail","6":"product_cat-duvaljke-za-lisce","7":"product_shipping_class-alati-masine-makedonija","8":"pa_b-greenworks","9":"pa_market-ba","10":"pa_market-mk","11":"pa_market-rs","12":"pa_tip-baterije-4-ah-6-ah-40-v-lithium-ion","14":"first","15":"outofstock","16":"sale","17":"taxable","18":"shipping-taxable","19":"purchasable","20":"product-type-simple"},"acf":[],"seolaxy_ctr_woo_product_custom_meta_description_content":"","_links":{"self":[{"href":"https:\/\/www.sinpeks.com\/rs\/wp-json\/wp\/v2\/product\/14372","targetHints":{"allow":["GET"]}}],"collection":[{"href":"https:\/\/www.sinpeks.com\/rs\/wp-json\/wp\/v2\/product"}],"about":[{"href":"https:\/\/www.sinpeks.com\/rs\/wp-json\/wp\/v2\/types\/product"}],"replies":[{"embeddable":true,"href":"https:\/\/www.sinpeks.com\/rs\/wp-json\/wp\/v2\/comments?post=14372"}],"wp:featuredmedia":[{"embeddable":true,"href":"https:\/\/www.sinpeks.com\/rs\/wp-json\/wp\/v2\/media\/16370"}],"wp:attachment":[{"href":"https:\/\/www.sinpeks.com\/rs\/wp-json\/wp\/v2\/media?parent=14372"}],"wp:term":[{"taxonomy":"product_cat","embeddable":true,"href":"https:\/\/www.sinpeks.com\/rs\/wp-json\/wp\/v2\/product_cat?post=14372"},{"taxonomy":"product_tag","embeddable":true,"href":"https:\/\/www.sinpeks.com\/rs\/wp-json\/wp\/v2\/product_tag?post=14372"}],"curies":[{"name":"wp","href":"https:\/\/api.w.org\/{rel}","templated":true}]}}