{"id":14369,"date":"2025-01-21T16:23:48","date_gmt":"2025-01-21T16:23:48","guid":{"rendered":"https:\/\/www.sinpeks.com\/rs\/p\/82b22-cramer-duvac\/"},"modified":"2025-11-03T14:33:57","modified_gmt":"2025-11-03T14:33:57","slug":"82b22-cramer-duvac","status":"publish","type":"product","link":"https:\/\/www.sinpeks.com\/rs\/p\/82b22-cramer-duvac\/","title":{"rendered":"Duva\u010d li\u0161\u0107a 82B22 Cramer"},"content":{"rendered":"<p>Akumulatorski duva\u010d li\u0161\u0107a Cramer 82B22 je moc\u0301na ma\u0161ina za profesionalnu upotrebu namenjena za \u010di\u0161c\u0301enje velikih povr\u0161ina kao \u0161to su parkinzi, sportski tereni i urbana podru\u010dja.<br \/>\n*Napomena: Duva\u010d je bez baterije i punja\u010da.<br \/>\nKompatibilne baterije: 019698 i 019699-6 Ah, 021009- 4 Ah<br \/>\n027047 -5 Ah, 027048 -8 Ah<br \/>\nKompatibilni punja\u010d: 019697 (2 otvora za punjenje), 022327 (1 otvor za punjenje)<\/p>\n","protected":false},"excerpt":{"rendered":"<p>Akumulatorski duva\u010d li\u0161\u0107a Cramer 82B22 je moc\u0301na ma\u0161ina za profesionalnu upotrebu namenjena za \u010di\u0161c\u0301enje velikih povr\u0161ina kao \u0161to su parkinzi, sportski tereni i urbana podru\u010dja. *Napomena: Duva\u010d je bez baterije i punja\u010da. Kompatibilne baterije: 019698 i 019699-6 Ah, 021009- 4 Ah 027047 -5 Ah, 027048 -8 Ah Kompatibilni punja\u010d: 019697 (2 otvora za punjenje), 022327 [&hellip;]<\/p>\n","protected":false},"featured_media":16380,"comment_status":"open","ping_status":"closed","template":"","meta":{"_acf_changed":false},"product_cat":[179],"product_tag":[],"class_list":{"0":"post-14369","1":"product","2":"type-product","3":"status-publish","4":"has-post-thumbnail","6":"product_cat-duvaljke-za-lisce","7":"product_shipping_class-817","8":"pa_b-cramer","9":"pa_market-ba","10":"pa_market-mk","11":"pa_market-rs","13":"first","14":"outofstock","15":"sale","16":"taxable","17":"shipping-taxable","18":"purchasable","19":"product-type-simple"},"acf":[],"seolaxy_ctr_woo_product_custom_meta_description_content":"","_links":{"self":[{"href":"https:\/\/www.sinpeks.com\/rs\/wp-json\/wp\/v2\/product\/14369","targetHints":{"allow":["GET"]}}],"collection":[{"href":"https:\/\/www.sinpeks.com\/rs\/wp-json\/wp\/v2\/product"}],"about":[{"href":"https:\/\/www.sinpeks.com\/rs\/wp-json\/wp\/v2\/types\/product"}],"replies":[{"embeddable":true,"href":"https:\/\/www.sinpeks.com\/rs\/wp-json\/wp\/v2\/comments?post=14369"}],"wp:featuredmedia":[{"embeddable":true,"href":"https:\/\/www.sinpeks.com\/rs\/wp-json\/wp\/v2\/media\/16380"}],"wp:attachment":[{"href":"https:\/\/www.sinpeks.com\/rs\/wp-json\/wp\/v2\/media?parent=14369"}],"wp:term":[{"taxonomy":"product_cat","embeddable":true,"href":"https:\/\/www.sinpeks.com\/rs\/wp-json\/wp\/v2\/product_cat?post=14369"},{"taxonomy":"product_tag","embeddable":true,"href":"https:\/\/www.sinpeks.com\/rs\/wp-json\/wp\/v2\/product_tag?post=14369"}],"curies":[{"name":"wp","href":"https:\/\/api.w.org\/{rel}","templated":true}]}}