{"id":14365,"date":"2025-01-21T16:23:46","date_gmt":"2025-01-21T16:23:46","guid":{"rendered":"https:\/\/www.sinpeks.com\/rs\/p\/kosilica-baterija-punjac-g24lm32k2-greenworks\/"},"modified":"2026-03-14T13:48:10","modified_gmt":"2026-03-14T13:48:10","slug":"kosilica-baterija-punjac-g24lm32k2-greenworks","status":"publish","type":"product","link":"https:\/\/www.sinpeks.com\/rs\/p\/kosilica-baterija-punjac-g24lm32k2-greenworks\/","title":{"rendered":"Kosilica+ baterija + punja\u010d G24LM32K2 Greenworks"},"content":{"rendered":"<p>Sna\u017ena baterijska kosilica za travu \u0161irine 32 cm.<\/p>\n","protected":false},"excerpt":{"rendered":"<p>Sna\u017ena baterijska kosilica za travu \u0161irine 32 cm.<\/p>\n","protected":false},"featured_media":16224,"comment_status":"open","ping_status":"closed","template":"","meta":{"_acf_changed":false},"product_cat":[174],"product_tag":[],"class_list":{"0":"post-14365","1":"product","2":"type-product","3":"status-publish","4":"has-post-thumbnail","6":"product_cat-akumulatorske","7":"product_shipping_class-alati-masine-makedonija","8":"pa_b-greenworks","9":"pa_market-ba","10":"pa_market-mk","11":"pa_market-rs","12":"pa_povrsina-kosenja-250-m2","13":"pa_tip-baterije-24--2-h-lithium-ion","15":"first","16":"outofstock","17":"sale","18":"featured","19":"taxable","20":"shipping-taxable","21":"purchasable","22":"product-type-simple"},"acf":[],"seolaxy_ctr_woo_product_custom_meta_description_content":"","_links":{"self":[{"href":"https:\/\/www.sinpeks.com\/rs\/wp-json\/wp\/v2\/product\/14365","targetHints":{"allow":["GET"]}}],"collection":[{"href":"https:\/\/www.sinpeks.com\/rs\/wp-json\/wp\/v2\/product"}],"about":[{"href":"https:\/\/www.sinpeks.com\/rs\/wp-json\/wp\/v2\/types\/product"}],"replies":[{"embeddable":true,"href":"https:\/\/www.sinpeks.com\/rs\/wp-json\/wp\/v2\/comments?post=14365"}],"wp:featuredmedia":[{"embeddable":true,"href":"https:\/\/www.sinpeks.com\/rs\/wp-json\/wp\/v2\/media\/16224"}],"wp:attachment":[{"href":"https:\/\/www.sinpeks.com\/rs\/wp-json\/wp\/v2\/media?parent=14365"}],"wp:term":[{"taxonomy":"product_cat","embeddable":true,"href":"https:\/\/www.sinpeks.com\/rs\/wp-json\/wp\/v2\/product_cat?post=14365"},{"taxonomy":"product_tag","embeddable":true,"href":"https:\/\/www.sinpeks.com\/rs\/wp-json\/wp\/v2\/product_tag?post=14365"}],"curies":[{"name":"wp","href":"https:\/\/api.w.org\/{rel}","templated":true}]}}