{"id":14364,"date":"2025-01-21T16:23:46","date_gmt":"2025-01-21T16:23:46","guid":{"rendered":"https:\/\/www.sinpeks.com\/rs\/p\/kosilica-82lm51s-cramer\/"},"modified":"2026-01-13T11:19:06","modified_gmt":"2026-01-13T11:19:06","slug":"kosilica-82lm51s-cramer","status":"publish","type":"product","link":"https:\/\/www.sinpeks.com\/rs\/p\/kosilica-82lm51s-cramer\/","title":{"rendered":"Kosilica 82LM51S Cramer"},"content":{"rendered":"<p>Cramer 82 V serija akumulatorska kosilica. Ima odli\u010dne performanse ko\u0161enja i \u0161irinu palube od 51 centimetar. U zavisnosti od vrste trave, ma\u0161ina automatski povec\u0301ava ili smanjuje broj obrtaja. Ma\u0161ina je tiha, ne proizvodi \u0161tetne izduvne gasove i odlikuje se veoma niskim nivoom vibracija. Poko\u0161ena trava se mo\u017ee sakupljati u kantu, mal\u010dirati ili bo\u010dno ispu\u0161tati.<br \/>\n*Napomena: Kosilica ne dolazi sa baterijom ili punja\u010dem.<\/p>\n","protected":false},"excerpt":{"rendered":"<p>Cramer 82 V serija akumulatorska kosilica. Ima odli\u010dne performanse ko\u0161enja i \u0161irinu palube od 51 centimetar. U zavisnosti od vrste trave, ma\u0161ina automatski povec\u0301ava ili smanjuje broj obrtaja. Ma\u0161ina je tiha, ne proizvodi \u0161tetne izduvne gasove i odlikuje se veoma niskim nivoom vibracija. Poko\u0161ena trava se mo\u017ee sakupljati u kantu, mal\u010dirati ili bo\u010dno ispu\u0161tati. *Napomena: [&hellip;]<\/p>\n","protected":false},"featured_media":18791,"comment_status":"open","ping_status":"closed","template":"","meta":{"_acf_changed":false},"product_cat":[174],"product_tag":[],"class_list":{"0":"post-14364","1":"product","2":"type-product","3":"status-publish","4":"has-post-thumbnail","6":"product_cat-akumulatorske","7":"product_shipping_class-alati-masine-makedonija","8":"pa_b-cramer","9":"pa_market-ba","10":"pa_market-mk","11":"pa_market-rs","12":"pa_snaga-1-2kw","14":"first","15":"outofstock","16":"sale","17":"taxable","18":"shipping-taxable","19":"purchasable","20":"product-type-simple"},"acf":[],"seolaxy_ctr_woo_product_custom_meta_description_content":"","_links":{"self":[{"href":"https:\/\/www.sinpeks.com\/rs\/wp-json\/wp\/v2\/product\/14364","targetHints":{"allow":["GET"]}}],"collection":[{"href":"https:\/\/www.sinpeks.com\/rs\/wp-json\/wp\/v2\/product"}],"about":[{"href":"https:\/\/www.sinpeks.com\/rs\/wp-json\/wp\/v2\/types\/product"}],"replies":[{"embeddable":true,"href":"https:\/\/www.sinpeks.com\/rs\/wp-json\/wp\/v2\/comments?post=14364"}],"wp:featuredmedia":[{"embeddable":true,"href":"https:\/\/www.sinpeks.com\/rs\/wp-json\/wp\/v2\/media\/18791"}],"wp:attachment":[{"href":"https:\/\/www.sinpeks.com\/rs\/wp-json\/wp\/v2\/media?parent=14364"}],"wp:term":[{"taxonomy":"product_cat","embeddable":true,"href":"https:\/\/www.sinpeks.com\/rs\/wp-json\/wp\/v2\/product_cat?post=14364"},{"taxonomy":"product_tag","embeddable":true,"href":"https:\/\/www.sinpeks.com\/rs\/wp-json\/wp\/v2\/product_tag?post=14364"}],"curies":[{"name":"wp","href":"https:\/\/api.w.org\/{rel}","templated":true}]}}