{"id":14362,"date":"2025-01-21T16:23:46","date_gmt":"2025-01-21T16:23:46","guid":{"rendered":"https:\/\/www.sinpeks.com\/rs\/p\/trimer-baterija-punjac-g40ltk2-greenworks\/"},"modified":"2026-04-27T12:28:23","modified_gmt":"2026-04-27T12:28:23","slug":"trimer-baterija-punjac-g40ltk2-greenworks","status":"publish","type":"product","link":"https:\/\/www.sinpeks.com\/rs\/p\/trimer-baterija-punjac-g40ltk2-greenworks\/","title":{"rendered":"Trimer + baterija + punja\u010d G40LTK2 Greenworks"},"content":{"rendered":"<p>GreenWorks G40LTK2 40V trimer\u00a0 zaista nudi performanse koje odgovaraju benzinskom trimeru a dobijate trimer sa koim ne\u010dete imati problema sa paljenjem, neprijatnih izduvnih gasova i dugotrajnog odr\u017eavanja. GreenWorks G40LTK2 je zgodan, ekolo\u0161ki prihvatljiv i jednostavan na\u010din da odr\u017eavate svoju ba\u0161tu ure\u0111enom bez ograni\u010denja kabla za napajanje.<\/p>\n<p>Kompatibilne baterije: 4 Ah &#8211; 020313; 6 Ah &#8211; 019686<\/p>\n","protected":false},"excerpt":{"rendered":"<p>GreenWorks G40LTK2 40V trimer\u00a0 zaista nudi performanse koje odgovaraju benzinskom trimeru a dobijate trimer sa koim ne\u010dete imati problema sa paljenjem, neprijatnih izduvnih gasova i dugotrajnog odr\u017eavanja. GreenWorks G40LTK2 je zgodan, ekolo\u0161ki prihvatljiv i jednostavan na\u010din da odr\u017eavate svoju ba\u0161tu ure\u0111enom bez ograni\u010denja kabla za napajanje. Kompatibilne baterije: 4 Ah &#8211; 020313; 6 Ah &#8211; [&hellip;]<\/p>\n","protected":false},"featured_media":16400,"comment_status":"open","ping_status":"closed","template":"","meta":{"_acf_changed":false},"product_cat":[178],"product_tag":[],"class_list":{"0":"post-14362","1":"product","2":"type-product","3":"status-publish","4":"has-post-thumbnail","6":"product_cat-trimeri","7":"product_shipping_class-alati-masine-makedonija","8":"pa_b-greenworks","9":"pa_market-ba","10":"pa_market-mk","11":"pa_market-rs","12":"pa_tip-baterije-2-ah-40-v-lithium-ion","14":"first","15":"outofstock","16":"sale","17":"taxable","18":"shipping-taxable","19":"purchasable","20":"product-type-simple"},"acf":[],"seolaxy_ctr_woo_product_custom_meta_description_content":"","_links":{"self":[{"href":"https:\/\/www.sinpeks.com\/rs\/wp-json\/wp\/v2\/product\/14362","targetHints":{"allow":["GET"]}}],"collection":[{"href":"https:\/\/www.sinpeks.com\/rs\/wp-json\/wp\/v2\/product"}],"about":[{"href":"https:\/\/www.sinpeks.com\/rs\/wp-json\/wp\/v2\/types\/product"}],"replies":[{"embeddable":true,"href":"https:\/\/www.sinpeks.com\/rs\/wp-json\/wp\/v2\/comments?post=14362"}],"wp:featuredmedia":[{"embeddable":true,"href":"https:\/\/www.sinpeks.com\/rs\/wp-json\/wp\/v2\/media\/16400"}],"wp:attachment":[{"href":"https:\/\/www.sinpeks.com\/rs\/wp-json\/wp\/v2\/media?parent=14362"}],"wp:term":[{"taxonomy":"product_cat","embeddable":true,"href":"https:\/\/www.sinpeks.com\/rs\/wp-json\/wp\/v2\/product_cat?post=14362"},{"taxonomy":"product_tag","embeddable":true,"href":"https:\/\/www.sinpeks.com\/rs\/wp-json\/wp\/v2\/product_tag?post=14362"}],"curies":[{"name":"wp","href":"https:\/\/api.w.org\/{rel}","templated":true}]}}