{"id":14361,"date":"2025-01-21T16:23:45","date_gmt":"2025-01-21T16:23:45","guid":{"rendered":"https:\/\/www.sinpeks.com\/rs\/p\/g40lt-greenworks-trimer\/"},"modified":"2026-05-14T09:01:32","modified_gmt":"2026-05-14T09:01:32","slug":"g40lt-greenworks-trimer","status":"publish","type":"product","link":"https:\/\/www.sinpeks.com\/rs\/p\/g40lt-greenworks-trimer\/","title":{"rendered":"G40LT Greenworks trimer"},"content":{"rendered":"<p>Akumulatorski trimer iz programa Greenworks od 40 V sa automatskim doziranjem kabla.<\/p>\n<p>*Napomena: Trimer je bez baterije i punja\u010da.<\/p>\n<p>Kompatibilna baterija i punja\u010d: 019687<\/p>\n<p>Kompatibilna baterija: 019686 &#8211; 6 Ah, 020313 &#8211; 4 Ah<\/p>\n<p>Kompatibilni punja\u010d: 019690<\/p>\n","protected":false},"excerpt":{"rendered":"<p>Akumulatorski trimer iz programa Greenworks od 40 V sa automatskim doziranjem kabla. *Napomena: Trimer je bez baterije i punja\u010da. Kompatibilna baterija i punja\u010d: 019687 Kompatibilna baterija: 019686 &#8211; 6 Ah, 020313 &#8211; 4 Ah Kompatibilni punja\u010d: 019690<\/p>\n","protected":false},"featured_media":18682,"comment_status":"open","ping_status":"closed","template":"","meta":{"_acf_changed":false},"product_cat":[178],"product_tag":[],"class_list":{"0":"post-14361","1":"product","2":"type-product","3":"status-publish","4":"has-post-thumbnail","6":"product_cat-trimeri","7":"product_shipping_class-alati-masine-makedonija","8":"pa_b-greenworks","9":"pa_market-ba","10":"pa_market-mk","11":"pa_market-rs","12":"pa_tip-baterije-2-ah-40-v-lithium-ion","14":"first","15":"outofstock","16":"sale","17":"taxable","18":"shipping-taxable","19":"purchasable","20":"product-type-simple"},"acf":[],"seolaxy_ctr_woo_product_custom_meta_description_content":"","_links":{"self":[{"href":"https:\/\/www.sinpeks.com\/rs\/wp-json\/wp\/v2\/product\/14361","targetHints":{"allow":["GET"]}}],"collection":[{"href":"https:\/\/www.sinpeks.com\/rs\/wp-json\/wp\/v2\/product"}],"about":[{"href":"https:\/\/www.sinpeks.com\/rs\/wp-json\/wp\/v2\/types\/product"}],"replies":[{"embeddable":true,"href":"https:\/\/www.sinpeks.com\/rs\/wp-json\/wp\/v2\/comments?post=14361"}],"wp:featuredmedia":[{"embeddable":true,"href":"https:\/\/www.sinpeks.com\/rs\/wp-json\/wp\/v2\/media\/18682"}],"wp:attachment":[{"href":"https:\/\/www.sinpeks.com\/rs\/wp-json\/wp\/v2\/media?parent=14361"}],"wp:term":[{"taxonomy":"product_cat","embeddable":true,"href":"https:\/\/www.sinpeks.com\/rs\/wp-json\/wp\/v2\/product_cat?post=14361"},{"taxonomy":"product_tag","embeddable":true,"href":"https:\/\/www.sinpeks.com\/rs\/wp-json\/wp\/v2\/product_tag?post=14361"}],"curies":[{"name":"wp","href":"https:\/\/api.w.org\/{rel}","templated":true}]}}