{"id":14358,"date":"2025-01-21T16:23:44","date_gmt":"2025-01-21T16:23:44","guid":{"rendered":"https:\/\/www.sinpeks.com\/rs\/p\/82tb20-cramer-trimer\/"},"modified":"2026-05-04T21:22:54","modified_gmt":"2026-05-04T21:22:54","slug":"82tb20-cramer-trimer","status":"publish","type":"product","link":"https:\/\/www.sinpeks.com\/rs\/p\/82tb20-cramer-trimer\/","title":{"rendered":"82TB20 Cramer trimer"},"content":{"rendered":"<p>82TB20 je Cramer-ov najmoc\u0301niji profesionalni trimer za travu i koristi se za re\u0161avanje najte\u017eih poslova. Pru\u017ea izuzetan komfor operatera zahvaljujuc\u0301i potpuno podesivoj ru\u010dki sa niskim nivoom vibracija i ergonomskom pojasu za rukovaoca. Premium komponente uklju\u010duju kuc\u0301i\u0161te od magnezijuma za dodatnu izdr\u017eljivost.<br \/>\n*Napomena: Trimer je bez baterije i punja\u010da.<br \/>\nKompatibilne baterije: 019698 i 019699-6 Ah, 021009- 4 Ah<br \/>\n027047 -5 Ah, 027048 -8 Ah<br \/>\nKompatibilni punja\u010d: 019697 (2 utora za punjenje), 022327 (1 utor za punjenje)<\/p>\n","protected":false},"excerpt":{"rendered":"<p>82TB20 je Cramer-ov najmoc\u0301niji profesionalni trimer za travu i koristi se za re\u0161avanje najte\u017eih poslova. Pru\u017ea izuzetan komfor operatera zahvaljujuc\u0301i potpuno podesivoj ru\u010dki sa niskim nivoom vibracija i ergonomskom pojasu za rukovaoca. Premium komponente uklju\u010duju kuc\u0301i\u0161te od magnezijuma za dodatnu izdr\u017eljivost. *Napomena: Trimer je bez baterije i punja\u010da. Kompatibilne baterije: 019698 i 019699-6 Ah, 021009- [&hellip;]<\/p>\n","protected":false},"featured_media":18683,"comment_status":"open","ping_status":"closed","template":"","meta":{"_acf_changed":false},"product_cat":[178],"product_tag":[],"class_list":{"0":"post-14358","1":"product","2":"type-product","3":"status-publish","4":"has-post-thumbnail","6":"product_cat-trimeri","7":"product_shipping_class-alati-masine-makedonija","8":"pa_b-cramer","9":"pa_market-ba","10":"pa_market-mk","11":"pa_market-rs","13":"first","14":"outofstock","15":"sale","16":"taxable","17":"shipping-taxable","18":"purchasable","19":"product-type-simple"},"acf":[],"seolaxy_ctr_woo_product_custom_meta_description_content":"","_links":{"self":[{"href":"https:\/\/www.sinpeks.com\/rs\/wp-json\/wp\/v2\/product\/14358","targetHints":{"allow":["GET"]}}],"collection":[{"href":"https:\/\/www.sinpeks.com\/rs\/wp-json\/wp\/v2\/product"}],"about":[{"href":"https:\/\/www.sinpeks.com\/rs\/wp-json\/wp\/v2\/types\/product"}],"replies":[{"embeddable":true,"href":"https:\/\/www.sinpeks.com\/rs\/wp-json\/wp\/v2\/comments?post=14358"}],"wp:featuredmedia":[{"embeddable":true,"href":"https:\/\/www.sinpeks.com\/rs\/wp-json\/wp\/v2\/media\/18683"}],"wp:attachment":[{"href":"https:\/\/www.sinpeks.com\/rs\/wp-json\/wp\/v2\/media?parent=14358"}],"wp:term":[{"taxonomy":"product_cat","embeddable":true,"href":"https:\/\/www.sinpeks.com\/rs\/wp-json\/wp\/v2\/product_cat?post=14358"},{"taxonomy":"product_tag","embeddable":true,"href":"https:\/\/www.sinpeks.com\/rs\/wp-json\/wp\/v2\/product_tag?post=14358"}],"curies":[{"name":"wp","href":"https:\/\/api.w.org\/{rel}","templated":true}]}}