{"id":14357,"date":"2025-01-21T16:23:44","date_gmt":"2025-01-21T16:23:44","guid":{"rendered":"https:\/\/www.sinpeks.com\/rs\/p\/traktor-huskvarna-tc112-profi\/"},"modified":"2026-04-30T14:12:34","modified_gmt":"2026-04-30T14:12:34","slug":"traktor-huskvarna-tc112-profi","status":"publish","type":"product","link":"https:\/\/www.sinpeks.com\/rs\/p\/traktor-huskvarna-tc112-profi\/","title":{"rendered":"Traktor Huskvarna TC112 \u2013 Profi"},"content":{"rendered":"<p>Husqvarna TC 112 je kompaktna traktorska kosilica visokih performansi. Ima udoban polo\u017eaj za vo\u017enju i rukovanje zahvaljujuc\u0301i podesivom sedi\u0161tu i lako dostupnim kontrolama. Opremljen je dvostrukim prednjim farovima koji pru\u017eaju jasnu vidljivost pri radu u tamnim  uslovima. Kosite du\u017ee sa optimizovanim kapacitetom kolektora, skladi\u0161tite kosilicu na manjem prostoru zahvaljujuc\u0301i kompaktnom dizajnu i u\u017eivajte u moguc\u0301nostima sa kukom za vu\u010du i nizom kompatibilnih dodataka koje Husqvarna nudi.<\/p>\n","protected":false},"excerpt":{"rendered":"<p>Husqvarna TC 112 je kompaktna traktorska kosilica visokih performansi. Ima udoban polo\u017eaj za vo\u017enju i rukovanje zahvaljujuc\u0301i podesivom sedi\u0161tu i lako dostupnim kontrolama. Opremljen je dvostrukim prednjim farovima koji pru\u017eaju jasnu vidljivost pri radu u tamnim uslovima. Kosite du\u017ee sa optimizovanim kapacitetom kolektora, skladi\u0161tite kosilicu na manjem prostoru zahvaljujuc\u0301i kompaktnom dizajnu i u\u017eivajte u moguc\u0301nostima [&hellip;]<\/p>\n","protected":false},"featured_media":16193,"comment_status":"open","ping_status":"closed","template":"","meta":{"_acf_changed":false},"product_cat":[175],"product_tag":[],"class_list":{"0":"post-14357","1":"product","2":"type-product","3":"status-publish","4":"has-post-thumbnail","6":"product_cat-traktorske","7":"pa_b-husqvarna","8":"pa_market-mk","9":"pa_pogon-samohodne","10":"pa_radna-sirina-95-cm","11":"pa_snaga-8000-w","13":"first","14":"instock","15":"sale","16":"taxable","17":"shipping-taxable","18":"purchasable","19":"product-type-simple"},"acf":[],"seolaxy_ctr_woo_product_custom_meta_description_content":"","_links":{"self":[{"href":"https:\/\/www.sinpeks.com\/rs\/wp-json\/wp\/v2\/product\/14357","targetHints":{"allow":["GET"]}}],"collection":[{"href":"https:\/\/www.sinpeks.com\/rs\/wp-json\/wp\/v2\/product"}],"about":[{"href":"https:\/\/www.sinpeks.com\/rs\/wp-json\/wp\/v2\/types\/product"}],"replies":[{"embeddable":true,"href":"https:\/\/www.sinpeks.com\/rs\/wp-json\/wp\/v2\/comments?post=14357"}],"wp:featuredmedia":[{"embeddable":true,"href":"https:\/\/www.sinpeks.com\/rs\/wp-json\/wp\/v2\/media\/16193"}],"wp:attachment":[{"href":"https:\/\/www.sinpeks.com\/rs\/wp-json\/wp\/v2\/media?parent=14357"}],"wp:term":[{"taxonomy":"product_cat","embeddable":true,"href":"https:\/\/www.sinpeks.com\/rs\/wp-json\/wp\/v2\/product_cat?post=14357"},{"taxonomy":"product_tag","embeddable":true,"href":"https:\/\/www.sinpeks.com\/rs\/wp-json\/wp\/v2\/product_tag?post=14357"}],"curies":[{"name":"wp","href":"https:\/\/api.w.org\/{rel}","templated":true}]}}