{"id":14356,"date":"2025-01-21T16:23:44","date_gmt":"2025-01-21T16:23:44","guid":{"rendered":"https:\/\/www.sinpeks.com\/rs\/p\/cramer-82ph21-akumulatorski-trimer-za-zivu-ogradu\/"},"modified":"2026-01-13T11:57:39","modified_gmt":"2026-01-13T11:57:39","slug":"cramer-82ph21-akumulatorski-trimer-za-zivu-ogradu","status":"publish","type":"product","link":"https:\/\/www.sinpeks.com\/rs\/p\/cramer-82ph21-akumulatorski-trimer-za-zivu-ogradu\/","title":{"rendered":"Cramer 82PH21 Akumulatorski trimer za \u017eivu ogradu"},"content":{"rendered":"<p>82PH21 je vrhunski profesionalni be\u017ei\u010dni trimer za \u017eivu ogradu sa 61 cm dugim fiksnim dvostrukim se\u010divom i ukupnom du\u017einom teleskopa od 2,41 m koji nudi izuzetne performanse se\u010denja kako bi najte\u017ee poslove olak\u0161ali. Premium komponente uklju\u010duju kuc\u0301i\u0161te od magnezijuma i gumirane blatobrane i ru\u010dke za dodatnu izdr\u017eljivost.<br \/>\n*Napomena: Trimer je bez baterije i punja\u010da.<br \/>\nKompatibilne baterije: 019698 i 019699-6 Ah, 021009- 4 Ah<br \/>\n027047 -5 Ah, 027048 -8 Ah<br \/>\nKompatibilni punja\u010d: 019697 (2 utora za punjenje), 022327 (1 utor za punjenje)<\/p>\n","protected":false},"excerpt":{"rendered":"<p>82PH21 je vrhunski profesionalni be\u017ei\u010dni trimer za \u017eivu ogradu sa 61 cm dugim fiksnim dvostrukim se\u010divom i ukupnom du\u017einom teleskopa od 2,41 m koji nudi izuzetne performanse se\u010denja kako bi najte\u017ee poslove olak\u0161ali. Premium komponente uklju\u010duju kuc\u0301i\u0161te od magnezijuma i gumirane blatobrane i ru\u010dke za dodatnu izdr\u017eljivost. *Napomena: Trimer je bez baterije i punja\u010da. Kompatibilne [&hellip;]<\/p>\n","protected":false},"featured_media":19270,"comment_status":"open","ping_status":"closed","template":"","meta":{"_acf_changed":false},"product_cat":[180],"product_tag":[],"class_list":{"0":"post-14356","1":"product","2":"type-product","3":"status-publish","4":"has-post-thumbnail","6":"product_cat-makaze-za-zivu-ogradu","7":"product_shipping_class-alati-masine-makedonija","8":"pa_b-cramer","9":"pa_market-ba","10":"pa_market-mk","11":"pa_market-rs","13":"first","14":"outofstock","15":"sale","16":"taxable","17":"shipping-taxable","18":"purchasable","19":"product-type-simple"},"acf":[],"seolaxy_ctr_woo_product_custom_meta_description_content":"","_links":{"self":[{"href":"https:\/\/www.sinpeks.com\/rs\/wp-json\/wp\/v2\/product\/14356","targetHints":{"allow":["GET"]}}],"collection":[{"href":"https:\/\/www.sinpeks.com\/rs\/wp-json\/wp\/v2\/product"}],"about":[{"href":"https:\/\/www.sinpeks.com\/rs\/wp-json\/wp\/v2\/types\/product"}],"replies":[{"embeddable":true,"href":"https:\/\/www.sinpeks.com\/rs\/wp-json\/wp\/v2\/comments?post=14356"}],"wp:featuredmedia":[{"embeddable":true,"href":"https:\/\/www.sinpeks.com\/rs\/wp-json\/wp\/v2\/media\/19270"}],"wp:attachment":[{"href":"https:\/\/www.sinpeks.com\/rs\/wp-json\/wp\/v2\/media?parent=14356"}],"wp:term":[{"taxonomy":"product_cat","embeddable":true,"href":"https:\/\/www.sinpeks.com\/rs\/wp-json\/wp\/v2\/product_cat?post=14356"},{"taxonomy":"product_tag","embeddable":true,"href":"https:\/\/www.sinpeks.com\/rs\/wp-json\/wp\/v2\/product_tag?post=14356"}],"curies":[{"name":"wp","href":"https:\/\/api.w.org\/{rel}","templated":true}]}}