{"id":14354,"date":"2025-01-21T16:23:43","date_gmt":"2025-01-21T16:23:43","guid":{"rendered":"https:\/\/www.sinpeks.com\/rs\/p\/akumulatorska-teleskopska-testera-82v-cramer-82pst39\/"},"modified":"2026-05-04T21:22:54","modified_gmt":"2026-05-04T21:22:54","slug":"akumulatorska-teleskopska-testera-82v-cramer-82pst39","status":"publish","type":"product","link":"https:\/\/www.sinpeks.com\/rs\/p\/akumulatorska-teleskopska-testera-82v-cramer-82pst39\/","title":{"rendered":"Akumulatorska teleskopska testera 82V Cramer 82PST39"},"content":{"rendered":"<p>Cramer 82PST39 je teleskopska testera visokih performansi od 82V duge ose dizajnirana posebno za profesionalce. Nudi izuzetnu izdr\u017eljivost zahvaljujuc\u0301i svom robusnom dizajnu i upotrebi magnezijumskih komponenti, kao i sna\u017enom 82V 770V motoru bez \u010detkica visokog obrtnog momenta. Sa Cramer-om, \u010dak i najzahtevniji poslovi mogu da se zavr\u0161e brzo, efikasno i bezbedno.<\/p>\n<p>*Napomena: Testera je bez baterije i punja\u010da.<\/p>\n<p>Kompatibilne baterije: 019698 i 019699-6 Ah, 021009- 4 Ah<\/p>\n<p>027047 -5 Ah, 027048 -8 Ah<\/p>\n","protected":false},"excerpt":{"rendered":"<p>Cramer 82PST39 je teleskopska testera visokih performansi od 82V duge ose dizajnirana posebno za profesionalce. Nudi izuzetnu izdr\u017eljivost zahvaljujuc\u0301i svom robusnom dizajnu i upotrebi magnezijumskih komponenti, kao i sna\u017enom 82V 770V motoru bez \u010detkica visokog obrtnog momenta. Sa Cramer-om, \u010dak i najzahtevniji poslovi mogu da se zavr\u0161e brzo, efikasno i bezbedno. *Napomena: Testera je bez [&hellip;]<\/p>\n","protected":false},"featured_media":18642,"comment_status":"open","ping_status":"closed","template":"","meta":{"_acf_changed":false},"product_cat":[181],"product_tag":[],"class_list":{"0":"post-14354","1":"product","2":"type-product","3":"status-publish","4":"has-post-thumbnail","6":"product_cat-testere-za-grane","7":"product_shipping_class-alati-masine-makedonija","8":"pa_b-cramer","9":"pa_duzina-maca-10-25-cm","10":"pa_market-ba","11":"pa_market-mk","12":"pa_market-rs","13":"pa_snaga-motora-770-w","14":"pa_tip-baterije-82-v","16":"first","17":"instock","18":"sale","19":"taxable","20":"shipping-taxable","21":"purchasable","22":"product-type-simple"},"acf":[],"seolaxy_ctr_woo_product_custom_meta_description_content":"","_links":{"self":[{"href":"https:\/\/www.sinpeks.com\/rs\/wp-json\/wp\/v2\/product\/14354","targetHints":{"allow":["GET"]}}],"collection":[{"href":"https:\/\/www.sinpeks.com\/rs\/wp-json\/wp\/v2\/product"}],"about":[{"href":"https:\/\/www.sinpeks.com\/rs\/wp-json\/wp\/v2\/types\/product"}],"replies":[{"embeddable":true,"href":"https:\/\/www.sinpeks.com\/rs\/wp-json\/wp\/v2\/comments?post=14354"}],"wp:featuredmedia":[{"embeddable":true,"href":"https:\/\/www.sinpeks.com\/rs\/wp-json\/wp\/v2\/media\/18642"}],"wp:attachment":[{"href":"https:\/\/www.sinpeks.com\/rs\/wp-json\/wp\/v2\/media?parent=14354"}],"wp:term":[{"taxonomy":"product_cat","embeddable":true,"href":"https:\/\/www.sinpeks.com\/rs\/wp-json\/wp\/v2\/product_cat?post=14354"},{"taxonomy":"product_tag","embeddable":true,"href":"https:\/\/www.sinpeks.com\/rs\/wp-json\/wp\/v2\/product_tag?post=14354"}],"curies":[{"name":"wp","href":"https:\/\/api.w.org\/{rel}","templated":true}]}}