{"id":14274,"date":"2025-01-20T18:24:11","date_gmt":"2025-01-20T18:24:11","guid":{"rendered":"https:\/\/www.sinpeks.com\/rs\/p\/v1200-kolica-za-berace-lesnika\/"},"modified":"2026-01-13T11:02:56","modified_gmt":"2026-01-13T11:02:56","slug":"v1200-kolica-za-berace-lesnika","status":"publish","type":"product","link":"https:\/\/www.sinpeks.com\/rs\/p\/v1200-kolica-za-berace-lesnika\/","title":{"rendered":"V1200 kolica za bera\u010de le\u0161nika"},"content":{"rendered":"<p>Kolica za berbu le\u0161nika V1200 dimenzija 52x55x24 cm. Slu\u017ei za lak\u0161i transport ma\u0161ine tokom postupka sakupljanja plodova.<\/p>\n","protected":false},"excerpt":{"rendered":"<p>Kolica za berbu le\u0161nika V1200 dimenzija 52x55x24 cm. Slu\u017ei za lak\u0161i transport ma\u0161ine tokom postupka sakupljanja plodova.<\/p>\n","protected":false},"featured_media":17720,"comment_status":"closed","ping_status":"closed","template":"","meta":{"_acf_changed":false},"product_cat":[194],"product_tag":[],"class_list":{"0":"post-14274","1":"product","2":"type-product","3":"status-publish","4":"has-post-thumbnail","6":"product_cat-branje-i-ciscenje-lesnika","7":"product_shipping_class-alati-masine-makedonija","8":"pa_b-cifarelli","9":"pa_market-ba","10":"pa_market-mk","11":"pa_market-rs","13":"first","14":"outofstock","15":"sale","16":"taxable","17":"shipping-taxable","18":"purchasable","19":"product-type-simple"},"acf":[],"seolaxy_ctr_woo_product_custom_meta_description_content":"","_links":{"self":[{"href":"https:\/\/www.sinpeks.com\/rs\/wp-json\/wp\/v2\/product\/14274","targetHints":{"allow":["GET"]}}],"collection":[{"href":"https:\/\/www.sinpeks.com\/rs\/wp-json\/wp\/v2\/product"}],"about":[{"href":"https:\/\/www.sinpeks.com\/rs\/wp-json\/wp\/v2\/types\/product"}],"replies":[{"embeddable":true,"href":"https:\/\/www.sinpeks.com\/rs\/wp-json\/wp\/v2\/comments?post=14274"}],"wp:featuredmedia":[{"embeddable":true,"href":"https:\/\/www.sinpeks.com\/rs\/wp-json\/wp\/v2\/media\/17720"}],"wp:attachment":[{"href":"https:\/\/www.sinpeks.com\/rs\/wp-json\/wp\/v2\/media?parent=14274"}],"wp:term":[{"taxonomy":"product_cat","embeddable":true,"href":"https:\/\/www.sinpeks.com\/rs\/wp-json\/wp\/v2\/product_cat?post=14274"},{"taxonomy":"product_tag","embeddable":true,"href":"https:\/\/www.sinpeks.com\/rs\/wp-json\/wp\/v2\/product_tag?post=14274"}],"curies":[{"name":"wp","href":"https:\/\/api.w.org\/{rel}","templated":true}]}}