{"id":14272,"date":"2025-01-20T18:24:11","date_gmt":"2025-01-20T18:24:11","guid":{"rendered":"https:\/\/www.sinpeks.com\/rs\/p\/elektricna-napojna-pumpa-d-20-g20i\/"},"modified":"2026-02-11T01:01:17","modified_gmt":"2026-02-11T01:01:17","slug":"elektricna-napojna-pumpa-d-20-g20i","status":"publish","type":"product","link":"https:\/\/www.sinpeks.com\/rs\/p\/elektricna-napojna-pumpa-d-20-g20i\/","title":{"rendered":"Elektri\u010dna pumpa  D.20 G20I"},"content":{"rendered":"<p>Samousisna dvosmerna pumpa od ner\u0111ajuc\u0301eg \u010delika sa priklju\u010dcima \u00d8 20mm. Ima vi\u0161estruku upotrebu i koristi se za preno\u0161enje filtriranih te\u010dnosti u poljoprivredi, enologiji, ba\u0161tovanstvu. Pogodna je za sipanje prehrambenih artikala.<\/p>\n","protected":false},"excerpt":{"rendered":"<p>Samousisna dvosmerna pumpa od ner\u0111ajuc\u0301eg \u010delika sa priklju\u010dcima \u00d8 20mm. Ima vi\u0161estruku upotrebu i koristi se za preno\u0161enje filtriranih te\u010dnosti u poljoprivredi, enologiji, ba\u0161tovanstvu. Pogodna je za sipanje prehrambenih artikala.<\/p>\n","protected":false},"featured_media":17727,"comment_status":"open","ping_status":"closed","template":"","meta":{"_acf_changed":false},"product_cat":[195],"product_tag":[],"class_list":{"0":"post-14272","1":"product","2":"type-product","3":"status-publish","4":"has-post-thumbnail","6":"product_cat-muljace","7":"product_shipping_class-ostale-kategorije-makedonija","8":"pa_b-grifo","9":"pa_market-ba","10":"pa_market-mk","11":"pa_market-rs","12":"pa_napon-220-v-monofazni","13":"pa_snaga-motora-050-hp","14":"pa_tip-pumpe-za-vodu-elektricne","16":"first","17":"outofstock","18":"sale","19":"taxable","20":"shipping-taxable","21":"purchasable","22":"product-type-simple"},"acf":[],"seolaxy_ctr_woo_product_custom_meta_description_content":"","_links":{"self":[{"href":"https:\/\/www.sinpeks.com\/rs\/wp-json\/wp\/v2\/product\/14272","targetHints":{"allow":["GET"]}}],"collection":[{"href":"https:\/\/www.sinpeks.com\/rs\/wp-json\/wp\/v2\/product"}],"about":[{"href":"https:\/\/www.sinpeks.com\/rs\/wp-json\/wp\/v2\/types\/product"}],"replies":[{"embeddable":true,"href":"https:\/\/www.sinpeks.com\/rs\/wp-json\/wp\/v2\/comments?post=14272"}],"wp:featuredmedia":[{"embeddable":true,"href":"https:\/\/www.sinpeks.com\/rs\/wp-json\/wp\/v2\/media\/17727"}],"wp:attachment":[{"href":"https:\/\/www.sinpeks.com\/rs\/wp-json\/wp\/v2\/media?parent=14272"}],"wp:term":[{"taxonomy":"product_cat","embeddable":true,"href":"https:\/\/www.sinpeks.com\/rs\/wp-json\/wp\/v2\/product_cat?post=14272"},{"taxonomy":"product_tag","embeddable":true,"href":"https:\/\/www.sinpeks.com\/rs\/wp-json\/wp\/v2\/product_tag?post=14272"}],"curies":[{"name":"wp","href":"https:\/\/api.w.org\/{rel}","templated":true}]}}