{"id":14271,"date":"2025-01-20T18:24:11","date_gmt":"2025-01-20T18:24:11","guid":{"rendered":"https:\/\/www.sinpeks.com\/rs\/p\/elektricni-mlin-za-grozdje-sa-pumpom-30-profi\/"},"modified":"2026-01-13T10:53:12","modified_gmt":"2026-01-13T10:53:12","slug":"elektricni-mlin-za-grozdje-sa-pumpom-30-profi","status":"publish","type":"product","link":"https:\/\/www.sinpeks.com\/rs\/p\/elektricni-mlin-za-grozdje-sa-pumpom-30-profi\/","title":{"rendered":"Elektri\u010dni mlin za gro\u017e\u0111e sa pumpom 30 -Profi"},"content":{"rendered":"<p>Model elektri\u010dnog mlina od emajliranog \u010delika, proizvodnog kapaciteta 3000 kg na sat. Opremljen je velikom korpom za lako sipanje materijala, separatorom dr\u0161ki od gro\u017e\u0111a od ner\u0111ajuc\u0301eg \u010delika, velikom pumpom i sna\u017enim elektri\u010dnim motorom.<br \/>\nVisokokvalitetni materijali za izradu obezbe\u0111uju visoku izdr\u017eljivost, pouzdanost i \u010dvrstoc\u0301u, \u0161to garantuje stalne i odli\u010dne radne performanse.<\/p>\n","protected":false},"excerpt":{"rendered":"<p>Model elektri\u010dnog mlina od emajliranog \u010delika, proizvodnog kapaciteta 3000 kg na sat. Opremljen je velikom korpom za lako sipanje materijala, separatorom dr\u0161ki od gro\u017e\u0111a od ner\u0111ajuc\u0301eg \u010delika, velikom pumpom i sna\u017enim elektri\u010dnim motorom. Visokokvalitetni materijali za izradu obezbe\u0111uju visoku izdr\u017eljivost, pouzdanost i \u010dvrstoc\u0301u, \u0161to garantuje stalne i odli\u010dne radne performanse.<\/p>\n","protected":false},"featured_media":17724,"comment_status":"open","ping_status":"closed","template":"","meta":{"_acf_changed":false},"product_cat":[195],"product_tag":[],"class_list":{"0":"post-14271","1":"product","2":"type-product","3":"status-publish","4":"has-post-thumbnail","6":"product_cat-muljace","7":"product_shipping_class-ostale-kategorije-makedonija","8":"pa_b-grifo","9":"pa_market-ba","10":"pa_market-mk","11":"pa_market-rs","12":"pa_napon-220-v-monofazni","13":"pa_snaga-motora-186-kw-25-ks","14":"pa_tip-muljace-elektricne","16":"first","17":"outofstock","18":"sale","19":"taxable","20":"shipping-taxable","21":"purchasable","22":"product-type-simple"},"acf":[],"seolaxy_ctr_woo_product_custom_meta_description_content":"","_links":{"self":[{"href":"https:\/\/www.sinpeks.com\/rs\/wp-json\/wp\/v2\/product\/14271","targetHints":{"allow":["GET"]}}],"collection":[{"href":"https:\/\/www.sinpeks.com\/rs\/wp-json\/wp\/v2\/product"}],"about":[{"href":"https:\/\/www.sinpeks.com\/rs\/wp-json\/wp\/v2\/types\/product"}],"replies":[{"embeddable":true,"href":"https:\/\/www.sinpeks.com\/rs\/wp-json\/wp\/v2\/comments?post=14271"}],"wp:featuredmedia":[{"embeddable":true,"href":"https:\/\/www.sinpeks.com\/rs\/wp-json\/wp\/v2\/media\/17724"}],"wp:attachment":[{"href":"https:\/\/www.sinpeks.com\/rs\/wp-json\/wp\/v2\/media?parent=14271"}],"wp:term":[{"taxonomy":"product_cat","embeddable":true,"href":"https:\/\/www.sinpeks.com\/rs\/wp-json\/wp\/v2\/product_cat?post=14271"},{"taxonomy":"product_tag","embeddable":true,"href":"https:\/\/www.sinpeks.com\/rs\/wp-json\/wp\/v2\/product_tag?post=14271"}],"curies":[{"name":"wp","href":"https:\/\/api.w.org\/{rel}","templated":true}]}}