{"id":14270,"date":"2025-01-20T18:24:10","date_gmt":"2025-01-20T18:24:10","guid":{"rendered":"https:\/\/www.sinpeks.com\/rs\/p\/mlin-za-grozdje-sa-odvojenim-ruckama\/"},"modified":"2026-01-13T10:53:12","modified_gmt":"2026-01-13T10:53:12","slug":"mlin-za-grozdje-sa-odvojenim-ruckama","status":"publish","type":"product","link":"https:\/\/www.sinpeks.com\/rs\/p\/mlin-za-grozdje-sa-odvojenim-ruckama\/","title":{"rendered":"Mlin za gro\u017e\u0111e sa odvajanjem peteljki"},"content":{"rendered":"<p>Ru\u010dni mlin za gro\u017e\u0111e, dizajniran i izra\u0111en od najkvalitetnijih materijala. Model DMA je opremljen rezervoarom za gro\u017e\u0111e od emajliranog \u010delika. Rotor mlina je povezan sa osovinom i slu\u017ei za odvajanje gro\u017e\u0111a od stabljike pomoc\u0301u uklonjive re\u0161etke od ner\u0111ajuc\u0301eg \u010delika.<\/p>\n","protected":false},"excerpt":{"rendered":"<p>Ru\u010dni mlin za gro\u017e\u0111e, dizajniran i izra\u0111en od najkvalitetnijih materijala. Model DMA je opremljen rezervoarom za gro\u017e\u0111e od emajliranog \u010delika. Rotor mlina je povezan sa osovinom i slu\u017ei za odvajanje gro\u017e\u0111a od stabljike pomoc\u0301u uklonjive re\u0161etke od ner\u0111ajuc\u0301eg \u010delika.<\/p>\n","protected":false},"featured_media":17735,"comment_status":"open","ping_status":"closed","template":"","meta":{"_acf_changed":false},"product_cat":[195],"product_tag":[],"class_list":{"0":"post-14270","1":"product","2":"type-product","3":"status-publish","4":"has-post-thumbnail","6":"product_cat-muljace","7":"product_shipping_class-ostale-kategorije-makedonija","8":"pa_b-grifo","9":"pa_market-ba","10":"pa_market-mk","11":"pa_market-rs","12":"pa_tip-muljace-rucne","14":"first","15":"outofstock","16":"sale","17":"taxable","18":"shipping-taxable","19":"purchasable","20":"product-type-simple"},"acf":[],"seolaxy_ctr_woo_product_custom_meta_description_content":"","_links":{"self":[{"href":"https:\/\/www.sinpeks.com\/rs\/wp-json\/wp\/v2\/product\/14270","targetHints":{"allow":["GET"]}}],"collection":[{"href":"https:\/\/www.sinpeks.com\/rs\/wp-json\/wp\/v2\/product"}],"about":[{"href":"https:\/\/www.sinpeks.com\/rs\/wp-json\/wp\/v2\/types\/product"}],"replies":[{"embeddable":true,"href":"https:\/\/www.sinpeks.com\/rs\/wp-json\/wp\/v2\/comments?post=14270"}],"wp:featuredmedia":[{"embeddable":true,"href":"https:\/\/www.sinpeks.com\/rs\/wp-json\/wp\/v2\/media\/17735"}],"wp:attachment":[{"href":"https:\/\/www.sinpeks.com\/rs\/wp-json\/wp\/v2\/media?parent=14270"}],"wp:term":[{"taxonomy":"product_cat","embeddable":true,"href":"https:\/\/www.sinpeks.com\/rs\/wp-json\/wp\/v2\/product_cat?post=14270"},{"taxonomy":"product_tag","embeddable":true,"href":"https:\/\/www.sinpeks.com\/rs\/wp-json\/wp\/v2\/product_tag?post=14270"}],"curies":[{"name":"wp","href":"https:\/\/api.w.org\/{rel}","templated":true}]}}