{"id":14269,"date":"2025-01-20T18:24:10","date_gmt":"2025-01-20T18:24:10","guid":{"rendered":"https:\/\/www.sinpeks.com\/rs\/p\/elektricni-mlin-za-grozdje\/"},"modified":"2026-02-18T09:58:38","modified_gmt":"2026-02-18T09:58:38","slug":"elektricni-mlin-za-grozdje","status":"publish","type":"product","link":"https:\/\/www.sinpeks.com\/rs\/p\/elektricni-mlin-za-grozdje\/","title":{"rendered":"Elektri\u010dni mlin za gro\u017e\u0111e DMS"},"content":{"rendered":"<p>Elektri\u010dni mlin za gro\u017e\u0111e od emajliranog \u010delika. Njegov rad je automatizovan zahvaljujuc\u0301i motoru montiranom sa strane, koji pokrec\u0301e sve razli\u010dite mehanizme: valjke za drobljenje, osovinu za odvajanje peteljki od gro\u017e\u0111a i mikser. Re\u0161etka je od ner\u0111ajuc\u0301eg \u010delika, dok su valjci i zup\u010danici u potpunosti od plastike. Valjci su tako\u0111e podesivi zahvaljujuc\u0301i posebnim osloncima. Visokokvalitetni materijali koji se koriste za izradu ove ma\u0161ine garantuju njenu snagu i izdr\u017eljivost.<\/p>\n","protected":false},"excerpt":{"rendered":"<p>Elektri\u010dni mlin za gro\u017e\u0111e od emajliranog \u010delika. Njegov rad je automatizovan zahvaljujuc\u0301i motoru montiranom sa strane, koji pokrec\u0301e sve razli\u010dite mehanizme: valjke za drobljenje, osovinu za odvajanje peteljki od gro\u017e\u0111a i mikser. Re\u0161etka je od ner\u0111ajuc\u0301eg \u010delika, dok su valjci i zup\u010danici u potpunosti od plastike. Valjci su tako\u0111e podesivi zahvaljujuc\u0301i posebnim osloncima. Visokokvalitetni materijali [&hellip;]<\/p>\n","protected":false},"featured_media":17733,"comment_status":"open","ping_status":"closed","template":"","meta":{"_acf_changed":false},"product_cat":[195],"product_tag":[],"class_list":{"0":"post-14269","1":"product","2":"type-product","3":"status-publish","4":"has-post-thumbnail","6":"product_cat-muljace","7":"product_shipping_class-ostale-kategorije-makedonija","8":"pa_b-grifo","9":"pa_market-ba","10":"pa_market-mk","11":"pa_market-rs","12":"pa_snaga-0-75-kw","13":"pa_tip-muljace-elektricne","15":"first","16":"outofstock","17":"sale","18":"taxable","19":"shipping-taxable","20":"purchasable","21":"product-type-simple"},"acf":[],"seolaxy_ctr_woo_product_custom_meta_description_content":"","_links":{"self":[{"href":"https:\/\/www.sinpeks.com\/rs\/wp-json\/wp\/v2\/product\/14269","targetHints":{"allow":["GET"]}}],"collection":[{"href":"https:\/\/www.sinpeks.com\/rs\/wp-json\/wp\/v2\/product"}],"about":[{"href":"https:\/\/www.sinpeks.com\/rs\/wp-json\/wp\/v2\/types\/product"}],"replies":[{"embeddable":true,"href":"https:\/\/www.sinpeks.com\/rs\/wp-json\/wp\/v2\/comments?post=14269"}],"wp:featuredmedia":[{"embeddable":true,"href":"https:\/\/www.sinpeks.com\/rs\/wp-json\/wp\/v2\/media\/17733"}],"wp:attachment":[{"href":"https:\/\/www.sinpeks.com\/rs\/wp-json\/wp\/v2\/media?parent=14269"}],"wp:term":[{"taxonomy":"product_cat","embeddable":true,"href":"https:\/\/www.sinpeks.com\/rs\/wp-json\/wp\/v2\/product_cat?post=14269"},{"taxonomy":"product_tag","embeddable":true,"href":"https:\/\/www.sinpeks.com\/rs\/wp-json\/wp\/v2\/product_tag?post=14269"}],"curies":[{"name":"wp","href":"https:\/\/api.w.org\/{rel}","templated":true}]}}