{"id":14268,"date":"2025-01-20T18:24:10","date_gmt":"2025-01-20T18:24:10","guid":{"rendered":"https:\/\/www.sinpeks.com\/rs\/p\/mini-mlin-za-grozdje\/"},"modified":"2026-01-13T10:44:56","modified_gmt":"2026-01-13T10:44:56","slug":"mini-mlin-za-grozdje","status":"publish","type":"product","link":"https:\/\/www.sinpeks.com\/rs\/p\/mini-mlin-za-grozdje\/","title":{"rendered":"MINI mlin za gro\u017e\u0111e"},"content":{"rendered":"<p>Ovaj mlin za gro\u017e\u0111e ima ko\u0161 od ner\u0111ajuc\u0301eg \u010delika i plasti\u010dne valjke od 220 mm. Ovo je najmanji mlin za gro\u017e\u0111e u celom Grifo asortimanu. Zahvaljujuc\u0301i visokokvalitetnim materijalima za izradu i pa\u017eljivo odabranim detaljima, jednostavan je za upotrebu i veoma koristan. Ispod ko\u0161a se nalazi \u010deli\u010dni lakirani okvir. Rotacija je ru\u010dnom ru\u010dkom koja vr\u0161i kretanje valjaka i pritiska gro\u017e\u0111e. Zup\u010danici su napravljeni od plastike, \u0161to obezbe\u0111uje dugove\u010dnost i bolji i sigurniji tretman gro\u017e\u0111a.<\/p>\n","protected":false},"excerpt":{"rendered":"<p>Ovaj mlin za gro\u017e\u0111e ima ko\u0161 od ner\u0111ajuc\u0301eg \u010delika i plasti\u010dne valjke od 220 mm. Ovo je najmanji mlin za gro\u017e\u0111e u celom Grifo asortimanu. Zahvaljujuc\u0301i visokokvalitetnim materijalima za izradu i pa\u017eljivo odabranim detaljima, jednostavan je za upotrebu i veoma koristan. Ispod ko\u0161a se nalazi \u010deli\u010dni lakirani okvir. Rotacija je ru\u010dnom ru\u010dkom koja vr\u0161i kretanje [&hellip;]<\/p>\n","protected":false},"featured_media":17730,"comment_status":"open","ping_status":"closed","template":"","meta":{"_acf_changed":false},"product_cat":[195],"product_tag":[],"class_list":{"0":"post-14268","1":"product","2":"type-product","3":"status-publish","4":"has-post-thumbnail","6":"product_cat-muljace","7":"product_shipping_class-ostale-kategorije-makedonija","8":"pa_b-grifo","9":"pa_market-ba","10":"pa_market-mk","11":"pa_market-rs","12":"pa_tip-muljace-rucne","14":"first","15":"outofstock","16":"sale","17":"taxable","18":"shipping-taxable","19":"purchasable","20":"product-type-simple"},"acf":[],"seolaxy_ctr_woo_product_custom_meta_description_content":"","_links":{"self":[{"href":"https:\/\/www.sinpeks.com\/rs\/wp-json\/wp\/v2\/product\/14268","targetHints":{"allow":["GET"]}}],"collection":[{"href":"https:\/\/www.sinpeks.com\/rs\/wp-json\/wp\/v2\/product"}],"about":[{"href":"https:\/\/www.sinpeks.com\/rs\/wp-json\/wp\/v2\/types\/product"}],"replies":[{"embeddable":true,"href":"https:\/\/www.sinpeks.com\/rs\/wp-json\/wp\/v2\/comments?post=14268"}],"wp:featuredmedia":[{"embeddable":true,"href":"https:\/\/www.sinpeks.com\/rs\/wp-json\/wp\/v2\/media\/17730"}],"wp:attachment":[{"href":"https:\/\/www.sinpeks.com\/rs\/wp-json\/wp\/v2\/media?parent=14268"}],"wp:term":[{"taxonomy":"product_cat","embeddable":true,"href":"https:\/\/www.sinpeks.com\/rs\/wp-json\/wp\/v2\/product_cat?post=14268"},{"taxonomy":"product_tag","embeddable":true,"href":"https:\/\/www.sinpeks.com\/rs\/wp-json\/wp\/v2\/product_tag?post=14268"}],"curies":[{"name":"wp","href":"https:\/\/api.w.org\/{rel}","templated":true}]}}