{"id":14265,"date":"2025-01-20T18:24:08","date_gmt":"2025-01-20T18:24:08","guid":{"rendered":"https:\/\/www.sinpeks.com\/rs\/p\/klipni-kompresor-50l-agrina\/"},"modified":"2026-05-05T10:00:49","modified_gmt":"2026-05-05T10:00:49","slug":"klipni-kompresor-50l-agrina","status":"publish","type":"product","link":"https:\/\/www.sinpeks.com\/rs\/p\/klipni-kompresor-50l-agrina\/","title":{"rendered":"Klipni kompresor 50l Agrina"},"content":{"rendered":"<p>Kompresor Agrina zapremine 50 litara i veli\u010dine cilindra 47&#215;1 mm. Koristi se u radionicama, me\u0111u zanatlijama, mo\u017ee se koristiti za farbanje i u pneumatskim radionicama. Opremljen je pi\u0161toljem za pumpu sa barometrom, spiralnim crevom i duva\u010dem.<\/p>\n","protected":false},"excerpt":{"rendered":"<p>Kompresor Agrina zapremine 50 litara i veli\u010dine cilindra 47&#215;1 mm. Koristi se u radionicama, me\u0111u zanatlijama, mo\u017ee se koristiti za farbanje i u pneumatskim radionicama. Opremljen je pi\u0161toljem za pumpu sa barometrom, spiralnim crevom i duva\u010dem.<\/p>\n","protected":false},"featured_media":16698,"comment_status":"open","ping_status":"closed","template":"","meta":{"_acf_changed":false},"product_cat":[216],"product_tag":[],"class_list":{"0":"post-14265","1":"product","2":"type-product","3":"status-publish","4":"has-post-thumbnail","6":"product_cat-kompresori-za-vazduh","7":"product_shipping_class-alati-masine-makedonija","8":"pa_b-agrina","9":"pa_market-ba","10":"pa_market-mk","11":"pa_market-rs","12":"pa_napon-230v-ac-50hz","13":"pa_pritisak-8-bar","14":"pa_snaga-1500-w-2ks","15":"pa_zapremina-rezervoara-50-l","17":"first","18":"outofstock","19":"sale","20":"taxable","21":"shipping-taxable","22":"purchasable","23":"product-type-simple"},"acf":[],"seolaxy_ctr_woo_product_custom_meta_description_content":"","_links":{"self":[{"href":"https:\/\/www.sinpeks.com\/rs\/wp-json\/wp\/v2\/product\/14265","targetHints":{"allow":["GET"]}}],"collection":[{"href":"https:\/\/www.sinpeks.com\/rs\/wp-json\/wp\/v2\/product"}],"about":[{"href":"https:\/\/www.sinpeks.com\/rs\/wp-json\/wp\/v2\/types\/product"}],"replies":[{"embeddable":true,"href":"https:\/\/www.sinpeks.com\/rs\/wp-json\/wp\/v2\/comments?post=14265"}],"wp:featuredmedia":[{"embeddable":true,"href":"https:\/\/www.sinpeks.com\/rs\/wp-json\/wp\/v2\/media\/16698"}],"wp:attachment":[{"href":"https:\/\/www.sinpeks.com\/rs\/wp-json\/wp\/v2\/media?parent=14265"}],"wp:term":[{"taxonomy":"product_cat","embeddable":true,"href":"https:\/\/www.sinpeks.com\/rs\/wp-json\/wp\/v2\/product_cat?post=14265"},{"taxonomy":"product_tag","embeddable":true,"href":"https:\/\/www.sinpeks.com\/rs\/wp-json\/wp\/v2\/product_tag?post=14265"}],"curies":[{"name":"wp","href":"https:\/\/api.w.org\/{rel}","templated":true}]}}