{"id":14261,"date":"2025-01-20T18:24:07","date_gmt":"2025-01-20T18:24:07","guid":{"rendered":"https:\/\/www.sinpeks.com\/rs\/p\/monofazni-kompresor-fiak-michelin-mb2420\/"},"modified":"2026-05-05T10:00:49","modified_gmt":"2026-05-05T10:00:49","slug":"monofazni-kompresor-fiak-michelin-mb2420","status":"publish","type":"product","link":"https:\/\/www.sinpeks.com\/rs\/p\/monofazni-kompresor-fiak-michelin-mb2420\/","title":{"rendered":"Monofazni kompresor FIAK MICHELIN MB2420"},"content":{"rendered":"<p>MICHELIN MB2420 je profesionalni kompresor sa jednofaznim elektromotorom. Ima robusnu konstrukciju, odli\u010dno podmazivanje, nisku potro\u0161nju ulja i veoma nizak nivo buke. Opremljen je prekida\u010dem pritiska, termi\u010dkom za\u0161titom sa automatskim resetovanjem, regulatorom pritiska, manometrom, sigurnosnim ventilom, ventilom za ispu\u0161tanje kondenzata, to\u010dkovima i ru\u010dkom za transport.<\/p>\n","protected":false},"excerpt":{"rendered":"<p>MICHELIN MB2420 je profesionalni kompresor sa jednofaznim elektromotorom. Ima robusnu konstrukciju, odli\u010dno podmazivanje, nisku potro\u0161nju ulja i veoma nizak nivo buke. Opremljen je prekida\u010dem pritiska, termi\u010dkom za\u0161titom sa automatskim resetovanjem, regulatorom pritiska, manometrom, sigurnosnim ventilom, ventilom za ispu\u0161tanje kondenzata, to\u010dkovima i ru\u010dkom za transport.<\/p>\n","protected":false},"featured_media":16695,"comment_status":"open","ping_status":"closed","template":"","meta":{"_acf_changed":false},"product_cat":[216],"product_tag":[],"class_list":{"0":"post-14261","1":"product","2":"type-product","3":"status-publish","4":"has-post-thumbnail","6":"product_cat-kompresori-za-vazduh","7":"product_shipping_class-alati-masine-srbija","8":"pa_b-fiac","9":"pa_market-ba","10":"pa_market-mk","11":"pa_market-rs","12":"pa_napon-230v-ac-50hz","13":"pa_pritisak-8-bar","14":"pa_snaga-1500-w-2ks","15":"pa_zapremina-rezervoara-24-l","17":"first","18":"instock","19":"sale","20":"taxable","21":"shipping-taxable","22":"purchasable","23":"product-type-simple"},"acf":[],"seolaxy_ctr_woo_product_custom_meta_description_content":"","_links":{"self":[{"href":"https:\/\/www.sinpeks.com\/rs\/wp-json\/wp\/v2\/product\/14261","targetHints":{"allow":["GET"]}}],"collection":[{"href":"https:\/\/www.sinpeks.com\/rs\/wp-json\/wp\/v2\/product"}],"about":[{"href":"https:\/\/www.sinpeks.com\/rs\/wp-json\/wp\/v2\/types\/product"}],"replies":[{"embeddable":true,"href":"https:\/\/www.sinpeks.com\/rs\/wp-json\/wp\/v2\/comments?post=14261"}],"wp:featuredmedia":[{"embeddable":true,"href":"https:\/\/www.sinpeks.com\/rs\/wp-json\/wp\/v2\/media\/16695"}],"wp:attachment":[{"href":"https:\/\/www.sinpeks.com\/rs\/wp-json\/wp\/v2\/media?parent=14261"}],"wp:term":[{"taxonomy":"product_cat","embeddable":true,"href":"https:\/\/www.sinpeks.com\/rs\/wp-json\/wp\/v2\/product_cat?post=14261"},{"taxonomy":"product_tag","embeddable":true,"href":"https:\/\/www.sinpeks.com\/rs\/wp-json\/wp\/v2\/product_tag?post=14261"}],"curies":[{"name":"wp","href":"https:\/\/api.w.org\/{rel}","templated":true}]}}