{"id":14259,"date":"2025-01-20T18:24:06","date_gmt":"2025-01-20T18:24:06","guid":{"rendered":"https:\/\/www.sinpeks.com\/rs\/p\/punjac-baterija-efcr16011-emtop\/"},"modified":"2026-05-09T08:08:11","modified_gmt":"2026-05-09T08:08:11","slug":"punjac-baterija-efcr16011-emtop","status":"publish","type":"product","link":"https:\/\/www.sinpeks.com\/rs\/p\/punjac-baterija-efcr16011-emtop\/","title":{"rendered":"Punja\u010d baterija EFCR16011 Emtop"},"content":{"rendered":"<p>Punja\u010d za elektroliti\u010dke automobilske akumulatore napona 12 ili 24V. Ima ugra\u0111enu za\u0161titu od preoptere\u0107enja ili obrnutog polariteta, kao i bira\u010d za normalno ili brzo (BOOST) punjenje. Tako\u0111e ima ugra\u0111en ampermetar za pra\u0107enje procesa punjenja.<\/p>\n","protected":false},"excerpt":{"rendered":"<p>Punja\u010d za elektroliti\u010dke automobilske akumulatore napona 12 ili 24V. Ima ugra\u0111enu za\u0161titu od preoptere\u0107enja ili obrnutog polariteta, kao i bira\u010d za normalno ili brzo (BOOST) punjenje. Tako\u0111e ima ugra\u0111en ampermetar za pra\u0107enje procesa punjenja.<\/p>\n","protected":false},"featured_media":19527,"comment_status":"open","ping_status":"closed","template":"","meta":{"_acf_changed":false},"product_cat":[5293,191],"product_tag":[],"class_list":{"0":"post-14259","1":"product","2":"type-product","3":"status-publish","4":"has-post-thumbnail","6":"product_cat-emtop-akcija","7":"product_cat-starteri-punjaci-za-akumulator","8":"product_shipping_class-alati-masine-srbija","9":"pa_b-emtop","10":"pa_market-ba","11":"pa_market-mk","12":"pa_market-rs","14":"first","15":"instock","16":"sale","17":"taxable","18":"shipping-taxable","19":"purchasable","20":"product-type-simple"},"acf":[],"seolaxy_ctr_woo_product_custom_meta_description_content":"","_links":{"self":[{"href":"https:\/\/www.sinpeks.com\/rs\/wp-json\/wp\/v2\/product\/14259","targetHints":{"allow":["GET"]}}],"collection":[{"href":"https:\/\/www.sinpeks.com\/rs\/wp-json\/wp\/v2\/product"}],"about":[{"href":"https:\/\/www.sinpeks.com\/rs\/wp-json\/wp\/v2\/types\/product"}],"replies":[{"embeddable":true,"href":"https:\/\/www.sinpeks.com\/rs\/wp-json\/wp\/v2\/comments?post=14259"}],"wp:featuredmedia":[{"embeddable":true,"href":"https:\/\/www.sinpeks.com\/rs\/wp-json\/wp\/v2\/media\/19527"}],"wp:attachment":[{"href":"https:\/\/www.sinpeks.com\/rs\/wp-json\/wp\/v2\/media?parent=14259"}],"wp:term":[{"taxonomy":"product_cat","embeddable":true,"href":"https:\/\/www.sinpeks.com\/rs\/wp-json\/wp\/v2\/product_cat?post=14259"},{"taxonomy":"product_tag","embeddable":true,"href":"https:\/\/www.sinpeks.com\/rs\/wp-json\/wp\/v2\/product_tag?post=14259"}],"curies":[{"name":"wp","href":"https:\/\/api.w.org\/{rel}","templated":true}]}}