{"id":14231,"date":"2025-01-20T18:23:59","date_gmt":"2025-01-20T18:23:59","guid":{"rendered":"https:\/\/www.sinpeks.com\/rs\/p\/agregat-agrina-lt8500-mono-trofazna-profi\/"},"modified":"2026-04-14T07:55:53","modified_gmt":"2026-04-14T07:55:53","slug":"agregat-agrina-lt8500-mono-trofazna-profi","status":"publish","type":"product","link":"https:\/\/www.sinpeks.com\/rs\/p\/agregat-agrina-lt8500-mono-trofazna-profi\/","title":{"rendered":"Agregat Agrina LT8500 mono.+trofazna-Profi"},"content":{"rendered":"<p>Benzinski monofazni\/trofazni agregat za proizvodnju elektri\u010dne energije idealan za mesta gde nema elektri\u010dne mre\u017ee ili je napon u njoj nestabilan. Mo\u017ee se koristiti za domove, vikendice, kamp kuc\u0301ice ili jednostavno kao mobilni izvor napajanja na bilo kom terenu. Montira se na mobilnu platformu u obliku kolica koja omoguc\u0301ava laku manipulaciju ure\u0111ajem. Ima prekida\u010d za paljenje za lak elektri\u010dni start.<\/p>\n","protected":false},"excerpt":{"rendered":"<p>Benzinski monofazni\/trofazni agregat za proizvodnju elektri\u010dne energije idealan za mesta gde nema elektri\u010dne mre\u017ee ili je napon u njoj nestabilan. Mo\u017ee se koristiti za domove, vikendice, kamp kuc\u0301ice ili jednostavno kao mobilni izvor napajanja na bilo kom terenu. Montira se na mobilnu platformu u obliku kolica koja omoguc\u0301ava laku manipulaciju ure\u0111ajem. Ima prekida\u010d za paljenje [&hellip;]<\/p>\n","protected":false},"featured_media":17297,"comment_status":"open","ping_status":"closed","template":"","meta":{"_acf_changed":false},"product_cat":[215],"product_tag":[],"class_list":{"0":"post-14231","1":"product","2":"type-product","3":"status-publish","4":"has-post-thumbnail","6":"product_cat-agregati-za-struju","7":"product_shipping_class-alati-masine-makedonija","8":"pa_b-agrina","9":"pa_gorivo-benzin","10":"pa_market-ba","11":"pa_market-mk","12":"pa_market-rs","13":"pa_napon-220-380-v-50-60-hz","14":"pa_nominalna-snaga-7-kw","15":"pa_sistem-paljenja-elektricni","17":"first","18":"instock","19":"sale","20":"taxable","21":"shipping-taxable","22":"purchasable","23":"product-type-simple"},"acf":[],"seolaxy_ctr_woo_product_custom_meta_description_content":"","_links":{"self":[{"href":"https:\/\/www.sinpeks.com\/rs\/wp-json\/wp\/v2\/product\/14231","targetHints":{"allow":["GET"]}}],"collection":[{"href":"https:\/\/www.sinpeks.com\/rs\/wp-json\/wp\/v2\/product"}],"about":[{"href":"https:\/\/www.sinpeks.com\/rs\/wp-json\/wp\/v2\/types\/product"}],"replies":[{"embeddable":true,"href":"https:\/\/www.sinpeks.com\/rs\/wp-json\/wp\/v2\/comments?post=14231"}],"wp:featuredmedia":[{"embeddable":true,"href":"https:\/\/www.sinpeks.com\/rs\/wp-json\/wp\/v2\/media\/17297"}],"wp:attachment":[{"href":"https:\/\/www.sinpeks.com\/rs\/wp-json\/wp\/v2\/media?parent=14231"}],"wp:term":[{"taxonomy":"product_cat","embeddable":true,"href":"https:\/\/www.sinpeks.com\/rs\/wp-json\/wp\/v2\/product_cat?post=14231"},{"taxonomy":"product_tag","embeddable":true,"href":"https:\/\/www.sinpeks.com\/rs\/wp-json\/wp\/v2\/product_tag?post=14231"}],"curies":[{"name":"wp","href":"https:\/\/api.w.org\/{rel}","templated":true}]}}