{"id":14229,"date":"2025-01-20T18:23:58","date_gmt":"2025-01-20T18:23:58","guid":{"rendered":"https:\/\/www.sinpeks.com\/rs\/p\/agregat-agropover-red-35-kva-sa-1-utikacem-sa-kljucem\/"},"modified":"2026-01-13T11:23:09","modified_gmt":"2026-01-13T11:23:09","slug":"agregat-agropover-red-35-kva-sa-1-utikacem-sa-kljucem","status":"publish","type":"product","link":"https:\/\/www.sinpeks.com\/rs\/p\/agregat-agropover-red-35-kva-sa-1-utikacem-sa-kljucem\/","title":{"rendered":"Agregat Agropower red 3,5 kVA sa 1 utika\u010dem sa klju\u010dem"},"content":{"rendered":"<p>Benzinski agregat za proizvodnju elektri\u010dne energije sa jednim monofaznim izlazom i elektri\u010dnim startom.<\/p>\n","protected":false},"excerpt":{"rendered":"<p>Benzinski agregat za proizvodnju elektri\u010dne energije sa jednim monofaznim izlazom i elektri\u010dnim startom.<\/p>\n","protected":false},"featured_media":17292,"comment_status":"open","ping_status":"closed","template":"","meta":{"_acf_changed":false},"product_cat":[215],"product_tag":[],"class_list":{"0":"post-14229","1":"product","2":"type-product","3":"status-publish","4":"has-post-thumbnail","6":"product_cat-agregati-za-struju","7":"product_shipping_class-alati-masine-makedonija","8":"pa_b-agropower","9":"pa_gorivo-benzin","10":"pa_market-ba","11":"pa_market-mk","12":"pa_market-rs","13":"pa_napon-220-v-50-hz","14":"pa_nominalna-snaga-28-kw","15":"pa_sistem-paljenja-na-trzaj","17":"first","18":"outofstock","19":"sale","20":"taxable","21":"shipping-taxable","22":"purchasable","23":"product-type-simple"},"acf":[],"seolaxy_ctr_woo_product_custom_meta_description_content":"","_links":{"self":[{"href":"https:\/\/www.sinpeks.com\/rs\/wp-json\/wp\/v2\/product\/14229","targetHints":{"allow":["GET"]}}],"collection":[{"href":"https:\/\/www.sinpeks.com\/rs\/wp-json\/wp\/v2\/product"}],"about":[{"href":"https:\/\/www.sinpeks.com\/rs\/wp-json\/wp\/v2\/types\/product"}],"replies":[{"embeddable":true,"href":"https:\/\/www.sinpeks.com\/rs\/wp-json\/wp\/v2\/comments?post=14229"}],"wp:featuredmedia":[{"embeddable":true,"href":"https:\/\/www.sinpeks.com\/rs\/wp-json\/wp\/v2\/media\/17292"}],"wp:attachment":[{"href":"https:\/\/www.sinpeks.com\/rs\/wp-json\/wp\/v2\/media?parent=14229"}],"wp:term":[{"taxonomy":"product_cat","embeddable":true,"href":"https:\/\/www.sinpeks.com\/rs\/wp-json\/wp\/v2\/product_cat?post=14229"},{"taxonomy":"product_tag","embeddable":true,"href":"https:\/\/www.sinpeks.com\/rs\/wp-json\/wp\/v2\/product_tag?post=14229"}],"curies":[{"name":"wp","href":"https:\/\/api.w.org\/{rel}","templated":true}]}}