{"id":14178,"date":"2025-01-20T18:23:47","date_gmt":"2025-01-20T18:23:47","guid":{"rendered":"https:\/\/www.sinpeks.com\/rs\/p\/burgija-za-metal-d-77964\/"},"modified":"2026-05-04T21:39:46","modified_gmt":"2026-05-04T21:39:46","slug":"burgija-za-metal-d-77964","status":"publish","type":"product","link":"https:\/\/www.sinpeks.com\/rs\/p\/burgija-za-metal-d-77964\/","title":{"rendered":"Burgija za metal D-77964"},"content":{"rendered":"<p>Burgija za metal HSS-GS 14.0&#215;160 mm sa pobolj\u0161anom brzinom bu\u0161enja, zahvaljujuc\u0301i pregledanom materijalu i obliku vrha. Vrh je dizajniran sa ta\u010dkom razdvajanja od 135\u00b0 za lako pozicioniranje i smanjenje bo\u010dnog klizanja na po\u010detku bu\u0161enja.<\/p>\n","protected":false},"excerpt":{"rendered":"<p>Burgija za metal HSS-GS 14.0&#215;160 mm sa pobolj\u0161anom brzinom bu\u0161enja, zahvaljujuc\u0301i pregledanom materijalu i obliku vrha. Vrh je dizajniran sa ta\u010dkom razdvajanja od 135\u00b0 za lako pozicioniranje i smanjenje bo\u010dnog klizanja na po\u010detku bu\u0161enja.<\/p>\n","protected":false},"featured_media":20196,"comment_status":"open","ping_status":"closed","template":"","meta":{"_acf_changed":false},"product_cat":[227],"product_tag":[],"class_list":{"0":"post-14178","1":"product","2":"type-product","3":"status-publish","4":"has-post-thumbnail","6":"product_cat-burgije-i-dleta","7":"product_shipping_class-alati-masine-makedonija","8":"pa_b-makita","9":"pa_market-ba","10":"pa_market-mk","11":"pa_market-rs","12":"pa_precnik-mm-4652","13":"pa_prihvat-cilindricne","15":"first","16":"instock","17":"sale","18":"taxable","19":"shipping-taxable","20":"purchasable","21":"product-type-simple"},"acf":[],"seolaxy_ctr_woo_product_custom_meta_description_content":"","_links":{"self":[{"href":"https:\/\/www.sinpeks.com\/rs\/wp-json\/wp\/v2\/product\/14178","targetHints":{"allow":["GET"]}}],"collection":[{"href":"https:\/\/www.sinpeks.com\/rs\/wp-json\/wp\/v2\/product"}],"about":[{"href":"https:\/\/www.sinpeks.com\/rs\/wp-json\/wp\/v2\/types\/product"}],"replies":[{"embeddable":true,"href":"https:\/\/www.sinpeks.com\/rs\/wp-json\/wp\/v2\/comments?post=14178"}],"wp:featuredmedia":[{"embeddable":true,"href":"https:\/\/www.sinpeks.com\/rs\/wp-json\/wp\/v2\/media\/20196"}],"wp:attachment":[{"href":"https:\/\/www.sinpeks.com\/rs\/wp-json\/wp\/v2\/media?parent=14178"}],"wp:term":[{"taxonomy":"product_cat","embeddable":true,"href":"https:\/\/www.sinpeks.com\/rs\/wp-json\/wp\/v2\/product_cat?post=14178"},{"taxonomy":"product_tag","embeddable":true,"href":"https:\/\/www.sinpeks.com\/rs\/wp-json\/wp\/v2\/product_tag?post=14178"}],"curies":[{"name":"wp","href":"https:\/\/api.w.org\/{rel}","templated":true}]}}