{"id":14100,"date":"2025-01-20T18:23:30","date_gmt":"2025-01-20T18:23:30","guid":{"rendered":"https:\/\/www.sinpeks.com\/rs\/p\/burgijasekaci-tst-b-62898\/"},"modified":"2026-01-13T12:09:51","modified_gmt":"2026-01-13T12:09:51","slug":"burgijasekaci-tst-b-62898","status":"publish","type":"product","link":"https:\/\/www.sinpeks.com\/rs\/p\/burgijasekaci-tst-b-62898\/","title":{"rendered":"Burgija+seka\u010di TST B-62898"},"content":{"rendered":"<p>SDS plus-burgija 16x350mm nudi visoko efikasno bu\u0161enje u armiranom betonu. Geometrijski oblik glave sa 4 reza\u010da spre\u010dava zaglavljivanje i lomljenje za optimalne rezultate. Bit je namenjen za upotrebu na zidu, betonu i armiranom betonu. Kompatibilan je sa rotacionim \u010dekic\u0301ima sa SDS plus dr\u017ea\u010dima. Ima okruglije bu\u0161enje nego kod burgija sa 2 vrha i pogodan je za sve vrste radova gde se koriste SDS-PLUS \u010dekic\u0301i<\/p>\n","protected":false},"excerpt":{"rendered":"<p>SDS plus-burgija 16x350mm nudi visoko efikasno bu\u0161enje u armiranom betonu. Geometrijski oblik glave sa 4 reza\u010da spre\u010dava zaglavljivanje i lomljenje za optimalne rezultate. Bit je namenjen za upotrebu na zidu, betonu i armiranom betonu. Kompatibilan je sa rotacionim \u010dekic\u0301ima sa SDS plus dr\u017ea\u010dima. Ima okruglije bu\u0161enje nego kod burgija sa 2 vrha i pogodan je [&hellip;]<\/p>\n","protected":false},"featured_media":20194,"comment_status":"open","ping_status":"closed","template":"","meta":{"_acf_changed":false},"product_cat":[227],"product_tag":[],"class_list":{"0":"post-14100","1":"product","2":"type-product","3":"status-publish","4":"has-post-thumbnail","6":"product_cat-burgije-i-dleta","7":"product_shipping_class-alati-masine-makedonija","8":"pa_b-makita","9":"pa_market-ba","10":"pa_market-mk","11":"pa_market-rs","12":"pa_precnik-mm-4642","13":"pa_prihvat-sds-plus","15":"first","16":"instock","17":"sale","18":"taxable","19":"shipping-taxable","20":"purchasable","21":"product-type-simple"},"acf":[],"seolaxy_ctr_woo_product_custom_meta_description_content":"","_links":{"self":[{"href":"https:\/\/www.sinpeks.com\/rs\/wp-json\/wp\/v2\/product\/14100","targetHints":{"allow":["GET"]}}],"collection":[{"href":"https:\/\/www.sinpeks.com\/rs\/wp-json\/wp\/v2\/product"}],"about":[{"href":"https:\/\/www.sinpeks.com\/rs\/wp-json\/wp\/v2\/types\/product"}],"replies":[{"embeddable":true,"href":"https:\/\/www.sinpeks.com\/rs\/wp-json\/wp\/v2\/comments?post=14100"}],"wp:featuredmedia":[{"embeddable":true,"href":"https:\/\/www.sinpeks.com\/rs\/wp-json\/wp\/v2\/media\/20194"}],"wp:attachment":[{"href":"https:\/\/www.sinpeks.com\/rs\/wp-json\/wp\/v2\/media?parent=14100"}],"wp:term":[{"taxonomy":"product_cat","embeddable":true,"href":"https:\/\/www.sinpeks.com\/rs\/wp-json\/wp\/v2\/product_cat?post=14100"},{"taxonomy":"product_tag","embeddable":true,"href":"https:\/\/www.sinpeks.com\/rs\/wp-json\/wp\/v2\/product_tag?post=14100"}],"curies":[{"name":"wp","href":"https:\/\/api.w.org\/{rel}","templated":true}]}}