{"id":14056,"date":"2025-01-20T18:23:20","date_gmt":"2025-01-20T18:23:20","guid":{"rendered":"https:\/\/www.sinpeks.com\/rs\/p\/burgija-za-staklo-d-15970\/"},"modified":"2026-05-04T21:26:17","modified_gmt":"2026-05-04T21:26:17","slug":"burgija-za-staklo-d-15970","status":"publish","type":"product","link":"https:\/\/www.sinpeks.com\/rs\/p\/burgija-za-staklo-d-15970\/","title":{"rendered":"Burgija za staklo D-15970"},"content":{"rendered":"<p>Burgija za staklo 1\/4&#8243; \u0161estougaona 8x70mm, o\u0161tar, precizno bru\u0161eni vrh strelice od volfram karbida, pogodan za staklo, keramiku, plo\u010dice, ogledala i jo\u0161 mnogo toga.<\/p>\n","protected":false},"excerpt":{"rendered":"<p>Burgija za staklo 1\/4&#8243; \u0161estougaona 8x70mm, o\u0161tar, precizno bru\u0161eni vrh strelice od volfram karbida, pogodan za staklo, keramiku, plo\u010dice, ogledala i jo\u0161 mnogo toga.<\/p>\n","protected":false},"featured_media":20369,"comment_status":"open","ping_status":"closed","template":"","meta":{"_acf_changed":false},"product_cat":[227],"product_tag":[],"class_list":{"0":"post-14056","1":"product","2":"type-product","3":"status-publish","4":"has-post-thumbnail","6":"product_cat-burgije-i-dleta","7":"product_shipping_class-alati-masine-makedonija","8":"pa_b-makita","9":"pa_market-ba","10":"pa_market-mk","11":"pa_market-rs","12":"pa_precnik-mm-4646","13":"pa_prihvat-sestougaone","15":"first","16":"instock","17":"sale","18":"taxable","19":"shipping-taxable","20":"purchasable","21":"product-type-simple"},"acf":[],"seolaxy_ctr_woo_product_custom_meta_description_content":"","_links":{"self":[{"href":"https:\/\/www.sinpeks.com\/rs\/wp-json\/wp\/v2\/product\/14056","targetHints":{"allow":["GET"]}}],"collection":[{"href":"https:\/\/www.sinpeks.com\/rs\/wp-json\/wp\/v2\/product"}],"about":[{"href":"https:\/\/www.sinpeks.com\/rs\/wp-json\/wp\/v2\/types\/product"}],"replies":[{"embeddable":true,"href":"https:\/\/www.sinpeks.com\/rs\/wp-json\/wp\/v2\/comments?post=14056"}],"wp:featuredmedia":[{"embeddable":true,"href":"https:\/\/www.sinpeks.com\/rs\/wp-json\/wp\/v2\/media\/20369"}],"wp:attachment":[{"href":"https:\/\/www.sinpeks.com\/rs\/wp-json\/wp\/v2\/media?parent=14056"}],"wp:term":[{"taxonomy":"product_cat","embeddable":true,"href":"https:\/\/www.sinpeks.com\/rs\/wp-json\/wp\/v2\/product_cat?post=14056"},{"taxonomy":"product_tag","embeddable":true,"href":"https:\/\/www.sinpeks.com\/rs\/wp-json\/wp\/v2\/product_tag?post=14056"}],"curies":[{"name":"wp","href":"https:\/\/api.w.org\/{rel}","templated":true}]}}