{"id":14047,"date":"2025-01-20T18:23:19","date_gmt":"2025-01-20T18:23:19","guid":{"rendered":"https:\/\/www.sinpeks.com\/rs\/p\/super-burgija-p-59813\/"},"modified":"2026-03-06T11:10:04","modified_gmt":"2026-03-06T11:10:04","slug":"super-burgija-p-59813","status":"publish","type":"product","link":"https:\/\/www.sinpeks.com\/rs\/p\/super-burgija-p-59813\/","title":{"rendered":"Super burgija P-59813"},"content":{"rendered":"<p>Visokokvalitetna udarna burgija 10x400mm sa cilindri\u010dnim prihvatom. Burgija je namenjena za bu\u0161enje betona, zida i prirodnog kamena. Specijalna spirala u obliku slova U garantuje efikasno uklanjanje izbu\u0161enih \u010destica i dug radni vek bu\u0161ilice.<\/p>\n","protected":false},"excerpt":{"rendered":"<p>Visokokvalitetna udarna burgija 10x400mm sa cilindri\u010dnim prihvatom. Burgija je namenjena za bu\u0161enje betona, zida i prirodnog kamena. Specijalna spirala u obliku slova U garantuje efikasno uklanjanje izbu\u0161enih \u010destica i dug radni vek bu\u0161ilice.<\/p>\n","protected":false},"featured_media":20305,"comment_status":"open","ping_status":"closed","template":"","meta":{"_acf_changed":false},"product_cat":[227],"product_tag":[],"class_list":{"0":"post-14047","1":"product","2":"type-product","3":"status-publish","4":"has-post-thumbnail","6":"product_cat-burgije-i-dleta","7":"product_shipping_class-alati-masine-makedonija","8":"pa_b-makita","9":"pa_market-ba","10":"pa_market-mk","11":"pa_market-rs","12":"pa_precnik-mm-4643","13":"pa_prihvat-cilindricne","15":"first","16":"instock","17":"sale","18":"taxable","19":"shipping-taxable","20":"purchasable","21":"product-type-simple"},"acf":[],"seolaxy_ctr_woo_product_custom_meta_description_content":"","_links":{"self":[{"href":"https:\/\/www.sinpeks.com\/rs\/wp-json\/wp\/v2\/product\/14047","targetHints":{"allow":["GET"]}}],"collection":[{"href":"https:\/\/www.sinpeks.com\/rs\/wp-json\/wp\/v2\/product"}],"about":[{"href":"https:\/\/www.sinpeks.com\/rs\/wp-json\/wp\/v2\/types\/product"}],"replies":[{"embeddable":true,"href":"https:\/\/www.sinpeks.com\/rs\/wp-json\/wp\/v2\/comments?post=14047"}],"wp:featuredmedia":[{"embeddable":true,"href":"https:\/\/www.sinpeks.com\/rs\/wp-json\/wp\/v2\/media\/20305"}],"wp:attachment":[{"href":"https:\/\/www.sinpeks.com\/rs\/wp-json\/wp\/v2\/media?parent=14047"}],"wp:term":[{"taxonomy":"product_cat","embeddable":true,"href":"https:\/\/www.sinpeks.com\/rs\/wp-json\/wp\/v2\/product_cat?post=14047"},{"taxonomy":"product_tag","embeddable":true,"href":"https:\/\/www.sinpeks.com\/rs\/wp-json\/wp\/v2\/product_tag?post=14047"}],"curies":[{"name":"wp","href":"https:\/\/api.w.org\/{rel}","templated":true}]}}