{"id":14017,"date":"2025-01-20T18:23:12","date_gmt":"2025-01-20T18:23:12","guid":{"rendered":"https:\/\/www.sinpeks.com\/rs\/p\/forstner-burgija-d-41844\/"},"modified":"2026-05-04T21:24:35","modified_gmt":"2026-05-04T21:24:35","slug":"forstner-burgija-d-41844","status":"publish","type":"product","link":"https:\/\/www.sinpeks.com\/rs\/p\/forstner-burgija-d-41844\/","title":{"rendered":"Forstner burgija D-41844"},"content":{"rendered":"<p>Forstner burgija 10mm idealnih za izradu \u010disto ise\u010denih rupa sa ravnim dnom, d\u017eepnih rupa i prolaznih rupa. Pogodno za precizno bu\u0161enje i visokokvalitetnu zavr\u0161nu obradu u \u0161umi. Rezne ivice sa zubima testere su odli\u010dne za bu\u0161enje rupa od 90 stepeni. Oni generi\u0161u manje toplote i omoguc\u0301avaju br\u017ei protok u odnosu na nastavke sa ivicom no\u017ea. Sa centrom za preciznost i brzoreznim \u010delikom za snagu, ovi bitovi pru\u017eaju nenadma\u0161ne performanse.<\/p>\n","protected":false},"excerpt":{"rendered":"<p>Forstner burgija 10mm idealnih za izradu \u010disto ise\u010denih rupa sa ravnim dnom, d\u017eepnih rupa i prolaznih rupa. Pogodno za precizno bu\u0161enje i visokokvalitetnu zavr\u0161nu obradu u \u0161umi. Rezne ivice sa zubima testere su odli\u010dne za bu\u0161enje rupa od 90 stepeni. Oni generi\u0161u manje toplote i omoguc\u0301avaju br\u017ei protok u odnosu na nastavke sa ivicom no\u017ea. [&hellip;]<\/p>\n","protected":false},"featured_media":20286,"comment_status":"open","ping_status":"closed","template":"","meta":{"_acf_changed":false},"product_cat":[227],"product_tag":[],"class_list":{"0":"post-14017","1":"product","2":"type-product","3":"status-publish","4":"has-post-thumbnail","6":"product_cat-burgije-i-dleta","7":"product_shipping_class-alati-masine-makedonija","8":"pa_b-makita","9":"pa_market-ba","10":"pa_market-mk","11":"pa_market-rs","12":"pa_precnik-mm-4643","13":"pa_prihvat-cilindricne","15":"first","16":"outofstock","17":"sale","18":"taxable","19":"shipping-taxable","20":"purchasable","21":"product-type-simple"},"acf":[],"seolaxy_ctr_woo_product_custom_meta_description_content":"","_links":{"self":[{"href":"https:\/\/www.sinpeks.com\/rs\/wp-json\/wp\/v2\/product\/14017","targetHints":{"allow":["GET"]}}],"collection":[{"href":"https:\/\/www.sinpeks.com\/rs\/wp-json\/wp\/v2\/product"}],"about":[{"href":"https:\/\/www.sinpeks.com\/rs\/wp-json\/wp\/v2\/types\/product"}],"replies":[{"embeddable":true,"href":"https:\/\/www.sinpeks.com\/rs\/wp-json\/wp\/v2\/comments?post=14017"}],"wp:featuredmedia":[{"embeddable":true,"href":"https:\/\/www.sinpeks.com\/rs\/wp-json\/wp\/v2\/media\/20286"}],"wp:attachment":[{"href":"https:\/\/www.sinpeks.com\/rs\/wp-json\/wp\/v2\/media?parent=14017"}],"wp:term":[{"taxonomy":"product_cat","embeddable":true,"href":"https:\/\/www.sinpeks.com\/rs\/wp-json\/wp\/v2\/product_cat?post=14017"},{"taxonomy":"product_tag","embeddable":true,"href":"https:\/\/www.sinpeks.com\/rs\/wp-json\/wp\/v2\/product_tag?post=14017"}],"curies":[{"name":"wp","href":"https:\/\/api.w.org\/{rel}","templated":true}]}}