{"id":13996,"date":"2025-01-20T18:23:07","date_gmt":"2025-01-20T18:23:07","guid":{"rendered":"https:\/\/www.sinpeks.com\/rs\/p\/71-komad-burgije-i-bitovi-d-47145\/"},"modified":"2026-05-04T21:21:14","modified_gmt":"2026-05-04T21:21:14","slug":"71-komad-burgije-i-bitovi-d-47145","status":"publish","type":"product","link":"https:\/\/www.sinpeks.com\/rs\/p\/71-komad-burgije-i-bitovi-d-47145\/","title":{"rendered":"71 komad burgije i bitovi D-47145"},"content":{"rendered":"<p>71 komad burgije i bitovi: burgije za beton: 4 &#8211; 8, 10 mm 6 kom., za drvo: 4, 5, 6, 8, 10 mm 5 kom., pljosnati umetak: 16, 22, 32 mm 3 kom., burgija: 1.5 &#8211; 6.5 mm (uve\u0107ava se za 0.5 mm) 11 kom., metar 3 m, \u0161ablon za merenje pre\u010dnika 1 &#8211; 10 mm, upu\u0161ta\u010d, bitovi: 50mm umeci,10kom.:(PH1,PH2,PH3,PZ1,PZ2,PZ3),umeci sa ravnim vrhom:4,6,T20,T25,25mm 24kom.:(PH0,2xPH1,2xPH2,PH3,PZ0,2xPZ1,2xPZ2,PZ3),umeci sa ravnim vrhom:4,6,7,T10,T15,T20,T25,T40,\u0161estougaoni umeci:3-6mm,magnetni dr\u017ea\u010d umetka<\/p>\n","protected":false},"excerpt":{"rendered":"<p>71 komad burgije i bitovi: burgije za beton: 4 &#8211; 8, 10 mm 6 kom., za drvo: 4, 5, 6, 8, 10 mm 5 kom., pljosnati umetak: 16, 22, 32 mm 3 kom., burgija: 1.5 &#8211; 6.5 mm (uve\u0107ava se za 0.5 mm) 11 kom., metar 3 m, \u0161ablon za merenje pre\u010dnika 1 &#8211; 10 [&hellip;]<\/p>\n","protected":false},"featured_media":20063,"comment_status":"open","ping_status":"closed","template":"","meta":{"_acf_changed":false},"product_cat":[227],"product_tag":[],"class_list":{"0":"post-13996","1":"product","2":"type-product","3":"status-publish","4":"has-post-thumbnail","6":"product_cat-burgije-i-dleta","7":"product_shipping_class-alati-masine-makedonija","8":"pa_b-makita","9":"pa_market-ba","10":"pa_market-mk","11":"pa_market-rs","12":"pa_prihvat-cilindricne","14":"first","15":"instock","16":"sale","17":"taxable","18":"shipping-taxable","19":"purchasable","20":"product-type-simple"},"acf":[],"seolaxy_ctr_woo_product_custom_meta_description_content":"","_links":{"self":[{"href":"https:\/\/www.sinpeks.com\/rs\/wp-json\/wp\/v2\/product\/13996","targetHints":{"allow":["GET"]}}],"collection":[{"href":"https:\/\/www.sinpeks.com\/rs\/wp-json\/wp\/v2\/product"}],"about":[{"href":"https:\/\/www.sinpeks.com\/rs\/wp-json\/wp\/v2\/types\/product"}],"replies":[{"embeddable":true,"href":"https:\/\/www.sinpeks.com\/rs\/wp-json\/wp\/v2\/comments?post=13996"}],"wp:featuredmedia":[{"embeddable":true,"href":"https:\/\/www.sinpeks.com\/rs\/wp-json\/wp\/v2\/media\/20063"}],"wp:attachment":[{"href":"https:\/\/www.sinpeks.com\/rs\/wp-json\/wp\/v2\/media?parent=13996"}],"wp:term":[{"taxonomy":"product_cat","embeddable":true,"href":"https:\/\/www.sinpeks.com\/rs\/wp-json\/wp\/v2\/product_cat?post=13996"},{"taxonomy":"product_tag","embeddable":true,"href":"https:\/\/www.sinpeks.com\/rs\/wp-json\/wp\/v2\/product_tag?post=13996"}],"curies":[{"name":"wp","href":"https:\/\/api.w.org\/{rel}","templated":true}]}}